{"id":4691,"date":"2021-03-13T21:30:02","date_gmt":"2021-03-14T00:30:02","guid":{"rendered":"https:\/\/www.appoloviracel.com.uy\/?post_type=product&#038;p=4691"},"modified":"2021-03-26T23:31:57","modified_gmt":"2021-03-27T02:31:57","slug":"mouse-pad-gamer-con-luces-rgb-havit-hv-mp901","status":"publish","type":"product","link":"https:\/\/www.appoloviracel.com.uy\/index.php\/product\/mouse-pad-gamer-con-luces-rgb-havit-hv-mp901\/","title":{"rendered":"Mouse Pad Gamer Havit \u00abHV-MP901\u00bb con luces RGB"},"content":{"rendered":"<h4>Caracter\u00edsticas y especificaciones:<\/h4>\n<ul>\n<li>Tejido sint\u00e9tico\u00a0con iluminaci\u00f3n LED alrededor de los cuatro lados de almohadilla de <strong>mouse<\/strong>.<\/li>\n<li>Aut\u00f3nomo de encendido\/apagado, f\u00e1cil de interruptor para diferentes modos de iluminaci\u00f3n.<\/li>\n<li>Iluminaci\u00f3n <strong>RGB<\/strong> Full Color Cintur\u00f3n.<\/li>\n<li>Ultra suave y duradera superficie de aluminio.<\/li>\n<li>\u00b7\u00a0 Luces LED RGB: Glowing deslumbrantes luces LED est\u00e1n dise\u00f1adas en los cuatro lados de este mouse, usted puede crear un ambiente interesantes para lograr un alto grado de estilo armon\u00eda al jugar juegos.<\/li>\n<li>\u00b7\u00a0 Placa de acero duro: Micro superficie con un control r\u00e1pido y preciso de chorro de arena para que usted pueda tener excelente comandos de juegos.<\/li>\n<li>\u00b7\u00a0 7\u00a0modos de iluminaci\u00f3n: iluminaci\u00f3n RGB Full Color cintur\u00f3n, f\u00e1cil de interruptor para diferentes modos de iluminaci\u00f3n y aut\u00f3nomo on\/off.<\/li>\n<li>\u00b7\u00a0 Conveniente y f\u00e1cil operaci\u00f3n: alimentado por USB, plug and play, sin driver o software necesario, tu compa\u00f1ero a trav\u00e9s de todo el juego la vida.<\/li>\n<\/ul>\n<ul>\n<li>Tama\u00f1o y material: 330\u00a0* 230\u00a0* 5\u00a0mm); la superficie es de construcci\u00f3n resistente de aluminio; Base de goma proporciona un agarre fuerte y la seguridad.<\/li>\n<li>Alimentaci\u00f3n v\u00eda cable Micro USB<\/li>\n<\/ul>\n<h5><\/h5>\n<h5><strong>*Las im\u00e1genes son a modo ilustrativo.<\/strong><\/h5>\n","protected":false},"excerpt":{"rendered":"<h3><span style=\"color: #339966;\"><strong>$ 295<\/strong><\/span><\/h3>\n","protected":false},"featured_media":4692,"comment_status":"open","ping_status":"closed","template":"","meta":[],"_links":{"self":[{"href":"https:\/\/www.appoloviracel.com.uy\/index.php\/wp-json\/wp\/v2\/product\/4691"}],"collection":[{"href":"https:\/\/www.appoloviracel.com.uy\/index.php\/wp-json\/wp\/v2\/product"}],"about":[{"href":"https:\/\/www.appoloviracel.com.uy\/index.php\/wp-json\/wp\/v2\/types\/product"}],"replies":[{"embeddable":true,"href":"https:\/\/www.appoloviracel.com.uy\/index.php\/wp-json\/wp\/v2\/comments?post=4691"}],"wp:featuredmedia":[{"embeddable":true,"href":"https:\/\/www.appoloviracel.com.uy\/index.php\/wp-json\/wp\/v2\/media\/4692"}],"wp:attachment":[{"href":"https:\/\/www.appoloviracel.com.uy\/index.php\/wp-json\/wp\/v2\/media?parent=4691"}],"curies":[{"name":"wp","href":"https:\/\/api.w.org\/{rel}","templated":true}]}}