{"id":4666,"date":"2021-03-13T00:27:49","date_gmt":"2021-03-13T03:27:49","guid":{"rendered":"https:\/\/www.appoloviracel.com.uy\/?post_type=product&#038;p=4666"},"modified":"2021-04-08T21:53:39","modified_gmt":"2021-04-09T00:53:39","slug":"soporte-pinza-para-escritorio-metalico","status":"publish","type":"product","link":"https:\/\/www.appoloviracel.com.uy\/index.php\/product\/soporte-pinza-para-escritorio-metalico\/","title":{"rendered":"Soporte Pinza Universal Met\u00e1lico"},"content":{"rendered":"<h4>Caracter\u00edsticas y especificaciones:<\/h4>\n<ul>\n<li><strong>Soporte universal de metal para el tel\u00e9fono m\u00f3vil, mp3, c\u00e1mara digital, gps, c\u00e1maras etc.<\/strong><\/li>\n<li><strong>Mire pel\u00edculas, videos, escuche m\u00fasica todo sin sostener el tel\u00e9fono<\/strong><\/li>\n<li><strong>Es totalmente flexible lo que permite posicionarlo en diferentes \u00e1ngulos y distancia<\/strong><\/li>\n<li><strong>Con un clip robusto para fijar la posici\u00f3n de manera constante en cualquier escritorio, cabecera, armario de pared o silla.<\/strong><\/li>\n<li><strong>Tiene un suave silicona cubierta en el clip para proteger el tel\u00e9fono.<\/strong><\/li>\n<\/ul>\n<h5><\/h5>\n<h5><strong>*Las im\u00e1genes son a modo ilustrativo.<\/strong><\/h5>\n","protected":false},"excerpt":{"rendered":"<h3><span style=\"color: #339966;\"><strong>$ 250<\/strong><\/span><\/h3>\n","protected":false},"featured_media":4667,"comment_status":"open","ping_status":"closed","template":"","meta":[],"_links":{"self":[{"href":"https:\/\/www.appoloviracel.com.uy\/index.php\/wp-json\/wp\/v2\/product\/4666"}],"collection":[{"href":"https:\/\/www.appoloviracel.com.uy\/index.php\/wp-json\/wp\/v2\/product"}],"about":[{"href":"https:\/\/www.appoloviracel.com.uy\/index.php\/wp-json\/wp\/v2\/types\/product"}],"replies":[{"embeddable":true,"href":"https:\/\/www.appoloviracel.com.uy\/index.php\/wp-json\/wp\/v2\/comments?post=4666"}],"wp:featuredmedia":[{"embeddable":true,"href":"https:\/\/www.appoloviracel.com.uy\/index.php\/wp-json\/wp\/v2\/media\/4667"}],"wp:attachment":[{"href":"https:\/\/www.appoloviracel.com.uy\/index.php\/wp-json\/wp\/v2\/media?parent=4666"}],"curies":[{"name":"wp","href":"https:\/\/api.w.org\/{rel}","templated":true}]}}