{"id":4644,"date":"2021-03-13T00:15:06","date_gmt":"2021-03-13T03:15:06","guid":{"rendered":"https:\/\/www.appoloviracel.com.uy\/?post_type=product&#038;p=4644"},"modified":"2021-03-13T14:30:21","modified_gmt":"2021-03-13T17:30:21","slug":"selfie-mini-q","status":"publish","type":"product","link":"https:\/\/www.appoloviracel.com.uy\/index.php\/product\/selfie-mini-q\/","title":{"rendered":"Selfie Mini Q"},"content":{"rendered":"<h4>Caracter\u00edsticas y especificaciones:<\/h4>\n<p>Anillo de Luz para selfies recargable de 3 intensidades.<br \/>\nMejora tus fotos al instante!!!<br \/>\nAnillo de 4cm de di\u00e1metro de 16 leds muy f\u00e1cil y c\u00f3modo de llevar.<br \/>\nTres intensidades que permiten adecuarse a diferentes condiciones lum\u00ednicas.<br \/>\nDifusor acr\u00edlico que permite obtener una luz m\u00e1s suave y pareja en el rostro.<br \/>\n\u00danico modelo con clip!!! A diferencia de los que se encastran o enchufan al jack de audio, este modelo permite ubicar la luz con total libertad y de manera \u00f3ptima<br \/>\npara cada foto, sea con c\u00e1mara frontal o trasera, horizontal o vertical.<br \/>\nSe puede usar en tel\u00e9fonos, tablets, o de manera independiente.<br \/>\nPermite sacar aproximadamente 200 fotos con una sola carga.<br \/>\nIncluye cable de carga usb.<\/p>\n<ul>\n<li>Tipo de alimentaci\u00f3n: USB<\/li>\n<li>Conector de salida: Micro USB<\/li>\n<li>Cantidad de LED: 16<\/li>\n<li>Es recargable: S\u00ed<\/li>\n<li>Tama\u00f1o: 57*40*27 (mm)<\/li>\n<\/ul>\n<p><strong>\u00a0<\/strong><\/p>\n<h5><strong>*Las im\u00e1genes son a modo ilustrativo.<\/strong><\/h5>\n","protected":false},"excerpt":{"rendered":"<h3><span style=\"color: #339966;\"><strong>$ 230<\/strong><\/span><\/h3>\n","protected":false},"featured_media":4645,"comment_status":"open","ping_status":"closed","template":"","meta":[],"_links":{"self":[{"href":"https:\/\/www.appoloviracel.com.uy\/index.php\/wp-json\/wp\/v2\/product\/4644"}],"collection":[{"href":"https:\/\/www.appoloviracel.com.uy\/index.php\/wp-json\/wp\/v2\/product"}],"about":[{"href":"https:\/\/www.appoloviracel.com.uy\/index.php\/wp-json\/wp\/v2\/types\/product"}],"replies":[{"embeddable":true,"href":"https:\/\/www.appoloviracel.com.uy\/index.php\/wp-json\/wp\/v2\/comments?post=4644"}],"wp:featuredmedia":[{"embeddable":true,"href":"https:\/\/www.appoloviracel.com.uy\/index.php\/wp-json\/wp\/v2\/media\/4645"}],"wp:attachment":[{"href":"https:\/\/www.appoloviracel.com.uy\/index.php\/wp-json\/wp\/v2\/media?parent=4644"}],"curies":[{"name":"wp","href":"https:\/\/api.w.org\/{rel}","templated":true}]}}