{"id":4623,"date":"2021-03-12T22:40:15","date_gmt":"2021-03-13T01:40:15","guid":{"rendered":"https:\/\/www.appoloviracel.com.uy\/?post_type=product&#038;p=4623"},"modified":"2021-03-13T14:29:50","modified_gmt":"2021-03-13T17:29:50","slug":"microfono-lightning-lavalier","status":"publish","type":"product","link":"https:\/\/www.appoloviracel.com.uy\/index.php\/product\/microfono-lightning-lavalier\/","title":{"rendered":"Micr\u00f3fono Lightning Lavalier"},"content":{"rendered":"<h4>Caracter\u00edsticas y especificaciones:<\/h4>\n<ul>\n<li><strong>Micr\u00f3fono de solapa omnidireccional<\/strong><\/li>\n<li><strong>Dise\u00f1o desmontable para uso m\u00faltiple<\/strong><\/li>\n<li><strong>Conector Lightning certificado por Apple MFi el cual permite conectar otros micr\u00f3fonos a un tel\u00e9fono Iphone, por ejemplo el Boya By-BM3011, o el cl\u00e1sico Boya BY-MM1<\/strong><\/li>\n<li><strong>No requiere bater\u00eda<\/strong><\/li>\n<li><strong>El BY-M2 ayuda a capturar un sonido claro y de alta calidad directamente a todo tipo de dispositivos iOS a trav\u00e9s del puerto Lightning. Es la opci\u00f3n ideal para grabar una entrevista, un podcast, presentaciones y mucho m\u00e1s, tanto si est\u00e1 grabando v\u00eddeo como si est\u00e1 grabando audio utilizando alguna aplicaci\u00f3n de su dispositivo.<\/strong><\/li>\n<li><strong>El producto consta de 2 partes, un cable adaptador macho de 3.5mm TRS a lightning y un micr\u00f3fono de solapa con conector hembra de 3.5mm.<\/strong><\/li>\n<li><strong>El dise\u00f1o desmontable permite tambi\u00e9n conectar otros dispositivos de audio con salida TRS de 3,5 mm a sus dispositivos iOS, como por ejemplo: RX8 Pro (receptor de micr\u00f3fono inal\u00e1mbrico) o el\u00a0 BY-MM1 Micr\u00f3fono condensador direccional.<\/strong><\/li>\n<li><strong>Principio del transductor: Micr\u00f3fono de condensador<\/strong><\/li>\n<li><strong>Compatibilidad del sistema iOS: iOS 8.0 o posterior<\/strong><\/li>\n<li><strong>Patr\u00f3n polar: Omnidireccional<\/strong><\/li>\n<li><strong>Relaci\u00f3n se\u00f1al\/ruido: 76dB o m\u00e1s<\/strong><\/li>\n<li><strong>Rango de frecuencia: 50 Hz-20 kHz<\/strong><\/li>\n<li><strong>Sensibilidad: -40dB+\/-3dB (0dB=1V\/Pa, a 1KHz)<\/strong><\/li>\n<li><strong>Tasa de bits: 16Bit, 24Bit<\/strong><\/li>\n<li><strong>Tasas de muestreo: 44,1 \/ 48 kHz<\/strong><\/li>\n<li><strong>Requisito de alimentaci\u00f3n: Alimentaci\u00f3n a trav\u00e9s de la conexi\u00f3n al dispositivo iOS, no requiere de bater\u00edas.<\/strong><\/li>\n<li><strong>Longitud del cable: 6m (19.7\u2032)<\/strong><\/li>\n<li><strong>Peso: 46grs. (1.62oz)<\/strong><\/li>\n<\/ul>\n<h5><\/h5>\n<h5><strong>*Las im\u00e1genes son a modo ilustrativo.<\/strong><\/h5>\n","protected":false},"excerpt":{"rendered":"<h3><span style=\"color: #339966;\"><strong>$ 720<\/strong><\/span><\/h3>\n","protected":false},"featured_media":4624,"comment_status":"open","ping_status":"closed","template":"","meta":[],"_links":{"self":[{"href":"https:\/\/www.appoloviracel.com.uy\/index.php\/wp-json\/wp\/v2\/product\/4623"}],"collection":[{"href":"https:\/\/www.appoloviracel.com.uy\/index.php\/wp-json\/wp\/v2\/product"}],"about":[{"href":"https:\/\/www.appoloviracel.com.uy\/index.php\/wp-json\/wp\/v2\/types\/product"}],"replies":[{"embeddable":true,"href":"https:\/\/www.appoloviracel.com.uy\/index.php\/wp-json\/wp\/v2\/comments?post=4623"}],"wp:featuredmedia":[{"embeddable":true,"href":"https:\/\/www.appoloviracel.com.uy\/index.php\/wp-json\/wp\/v2\/media\/4624"}],"wp:attachment":[{"href":"https:\/\/www.appoloviracel.com.uy\/index.php\/wp-json\/wp\/v2\/media?parent=4623"}],"curies":[{"name":"wp","href":"https:\/\/api.w.org\/{rel}","templated":true}]}}