{"id":4614,"date":"2021-03-12T22:30:47","date_gmt":"2021-03-13T01:30:47","guid":{"rendered":"https:\/\/www.appoloviracel.com.uy\/?post_type=product&#038;p=4614"},"modified":"2021-03-13T14:29:08","modified_gmt":"2021-03-13T17:29:08","slug":"microfono-auxiliar-lavalier","status":"publish","type":"product","link":"https:\/\/www.appoloviracel.com.uy\/index.php\/product\/microfono-auxiliar-lavalier\/","title":{"rendered":"Micr\u00f3fono Auxiliar Lavalier"},"content":{"rendered":"<h4>Caracter\u00edsticas y especificaciones:<\/h4>\n<ul>\n<li><strong>Micr\u00f3fonos de solapa (Lavalier) recomendados para v\u00eddeo \/ youtube<\/strong><\/li>\n<li><strong>Los micr\u00f3fonos de solapa son una opci\u00f3n muy interesante para grabarse a uno mismo frente a la c\u00e1mara o si vamos a hacer entrevistas para nuestro canal<\/strong><\/li>\n<li><strong>Micr\u00f3fonos de solapa recomendados<\/strong><\/li>\n<li><strong>Configuraciones para grabar con micr\u00f3fonos de solapa<\/strong><\/li>\n<li><strong>Micr\u00f3fono conectado a c\u00e1mara<\/strong><\/li>\n<li><strong>Usar m\u00f3vil como grabadora externa<\/strong><\/li>\n<li><strong>Usar grabadora externa port\u00e1til<\/strong><\/li>\n<li><strong>Micr\u00f3fono con sistema inal\u00e1mbrico<\/strong><\/li>\n<li><strong>Interfaz de sonido \/ mesa de mezclas (grabar en estudio \/ streaming)<\/strong><\/li>\n<\/ul>\n<p><strong>Importante: La calidad del sonido grabado depende del micr\u00f3fono l\u00f3gicamente, pero tambi\u00e9n de toda la cadena hasta obtener el fichero de audio final. Por ejemplo, el mismo micr\u00f3fono en dos c\u00e1maras o dos dispositivos diferentes (p.e. dos m\u00f3viles) puede ofrecer resultados diferentes. Ten en cuenta tambi\u00e9n que los contactos met\u00e1licos de los conectores jack si no est\u00e1n limpios pueden introducir algo de ruido en la se\u00f1al. Y los niveles de la se\u00f1al mediante el control de ganancia en tu dispositivo de grabaci\u00f3n para evitar clips y distorsiones del audio.<\/strong><\/p>\n<h5><strong>*Las im\u00e1genes son a modo ilustrativo.<\/strong><\/h5>\n","protected":false},"excerpt":{"rendered":"<h3><span style=\"color: #339966;\"><strong>$ 270<\/strong><\/span><\/h3>\n","protected":false},"featured_media":4615,"comment_status":"open","ping_status":"closed","template":"","meta":[],"_links":{"self":[{"href":"https:\/\/www.appoloviracel.com.uy\/index.php\/wp-json\/wp\/v2\/product\/4614"}],"collection":[{"href":"https:\/\/www.appoloviracel.com.uy\/index.php\/wp-json\/wp\/v2\/product"}],"about":[{"href":"https:\/\/www.appoloviracel.com.uy\/index.php\/wp-json\/wp\/v2\/types\/product"}],"replies":[{"embeddable":true,"href":"https:\/\/www.appoloviracel.com.uy\/index.php\/wp-json\/wp\/v2\/comments?post=4614"}],"wp:featuredmedia":[{"embeddable":true,"href":"https:\/\/www.appoloviracel.com.uy\/index.php\/wp-json\/wp\/v2\/media\/4615"}],"wp:attachment":[{"href":"https:\/\/www.appoloviracel.com.uy\/index.php\/wp-json\/wp\/v2\/media?parent=4614"}],"curies":[{"name":"wp","href":"https:\/\/api.w.org\/{rel}","templated":true}]}}