{"id":4576,"date":"2021-03-12T15:05:50","date_gmt":"2021-03-12T18:05:50","guid":{"rendered":"https:\/\/www.appoloviracel.com.uy\/?post_type=product&#038;p=4576"},"modified":"2022-08-29T19:23:24","modified_gmt":"2022-08-29T22:23:24","slug":"adaptador-usb-tenda-u2-150mb-s","status":"publish","type":"product","link":"https:\/\/www.appoloviracel.com.uy\/index.php\/product\/adaptador-usb-tenda-u2-150mb-s\/","title":{"rendered":"Adaptador Tenda \u00abU2\u00bb USB (150Mb\/s)"},"content":{"rendered":"<h4>Caracter\u00edsticas y especificaciones:<\/h4>\n<ul>\n<li>Adaptador USB Tenda U2. Tenda U2, la antena de alta ganancia ultra-larga de 6 dBi ofrece un gran alcance de transmisi\u00f3n y recepci\u00f3n de la se\u00f1al, lo cual garantiza una mayor cobertura y una se\u00f1al m\u00e1s estable.<\/li>\n<li>Gracias a su chip, se instala autom\u00e1ticamente en cuanto se conecta al ordenador sin necesidad de instalar el controlador desde un CD o Internet, lo cual le permitir\u00e1 establecer una conexi\u00f3n inal\u00e1mbrica de forma sencilla.<\/li>\n<\/ul>\n<p>&nbsp;<\/p>\n<h5><strong>*Las im\u00e1genes son a modo ilustrativo.<\/strong><\/h5>\n","protected":false},"excerpt":{"rendered":"<h3><span style=\"color: #ff0000;\"><strong>\u00abArt\u00edculo Agotado\u00bb<\/strong><\/span><\/h3>\n<h3><span style=\"color: #ff0000;\"><strong>\u00a0<\/strong><\/span><\/h3>\n","protected":false},"featured_media":4577,"comment_status":"open","ping_status":"closed","template":"","meta":[],"_links":{"self":[{"href":"https:\/\/www.appoloviracel.com.uy\/index.php\/wp-json\/wp\/v2\/product\/4576"}],"collection":[{"href":"https:\/\/www.appoloviracel.com.uy\/index.php\/wp-json\/wp\/v2\/product"}],"about":[{"href":"https:\/\/www.appoloviracel.com.uy\/index.php\/wp-json\/wp\/v2\/types\/product"}],"replies":[{"embeddable":true,"href":"https:\/\/www.appoloviracel.com.uy\/index.php\/wp-json\/wp\/v2\/comments?post=4576"}],"wp:featuredmedia":[{"embeddable":true,"href":"https:\/\/www.appoloviracel.com.uy\/index.php\/wp-json\/wp\/v2\/media\/4577"}],"wp:attachment":[{"href":"https:\/\/www.appoloviracel.com.uy\/index.php\/wp-json\/wp\/v2\/media?parent=4576"}],"curies":[{"name":"wp","href":"https:\/\/api.w.org\/{rel}","templated":true}]}}