{"id":4551,"date":"2021-03-12T14:55:29","date_gmt":"2021-03-12T17:55:29","guid":{"rendered":"https:\/\/www.appoloviracel.com.uy\/?post_type=product&#038;p=4551"},"modified":"2021-08-05T20:28:18","modified_gmt":"2021-08-05T23:28:18","slug":"adaptador-bluetooth-v4-0-usb","status":"publish","type":"product","link":"https:\/\/www.appoloviracel.com.uy\/index.php\/product\/adaptador-bluetooth-v4-0-usb\/","title":{"rendered":"Adaptador Bluetooth V4.0 USB &#8211; Dongle"},"content":{"rendered":"<h4>Caracter\u00edsticas y especificaciones:<\/h4>\n<p>El \u00abdongle\u00bb (llave) USB a Mini Bluetooth\u00ae clase 1, modelo USBBT1EDR4, permite incorporar funciones inal\u00e1mbricas Bluetooth a un PC de sobremesa o port\u00e1til a trav\u00e9s de USB, con soporte para distancias de transferencia de hasta 50 metros. Compatible con Bluetooth 4.0 LE +EDR, el adaptador USB Bluetooth alcanza tasas de transferencias de datos de hasta 3 Mbps y tiene un bajo consumo el\u00e9ctrico. Este transceptor Bluetooth Smart Ready constituye una manera eficaz de conectar con una lista de perif\u00e9ricos Bluetooth Smart en r\u00e1pido aumento, incluidos los \u00faltimos modelos de smartphones y tabletas Apple\u00ae y Android\u2122. Bluetooth v4.0 tambi\u00e9n incluye seguridad adicional para todas las transferencias mediante el uso de cifrado AES de 128 bits. Este pr\u00e1ctico adaptador ultra-compacto y port\u00e1til no estorba cuando se conecta a un ordenador port\u00e1til y,por tanto, no es necesario desconectarlo cada vez que se guarde el port\u00e1til en su estuche o bolsa. El adaptador tambi\u00e9n es retro-compatible con normas Bluetooth anteriores (versiones 3.0, 2.0, 1.2 y 1.1), a fin de garantizar la conectividad con todos los dispositivos Bluetooth<\/p>\n<p>Nota: Para un rango de alcance de m\u00e1s de 10 metros, se requiere que el dispositivo Bluetooth conectado sea compatible con la norma Bluetooth Class 1<\/p>\n<h5><strong>*Las im\u00e1genes son a modo ilustrativo.<\/strong><\/h5>\n","protected":false},"excerpt":{"rendered":"<h3><span style=\"color: #339966;\"><strong>$ \u00a0415<\/strong><\/span><\/h3>\n","protected":false},"featured_media":4552,"comment_status":"open","ping_status":"closed","template":"","meta":[],"_links":{"self":[{"href":"https:\/\/www.appoloviracel.com.uy\/index.php\/wp-json\/wp\/v2\/product\/4551"}],"collection":[{"href":"https:\/\/www.appoloviracel.com.uy\/index.php\/wp-json\/wp\/v2\/product"}],"about":[{"href":"https:\/\/www.appoloviracel.com.uy\/index.php\/wp-json\/wp\/v2\/types\/product"}],"replies":[{"embeddable":true,"href":"https:\/\/www.appoloviracel.com.uy\/index.php\/wp-json\/wp\/v2\/comments?post=4551"}],"wp:featuredmedia":[{"embeddable":true,"href":"https:\/\/www.appoloviracel.com.uy\/index.php\/wp-json\/wp\/v2\/media\/4552"}],"wp:attachment":[{"href":"https:\/\/www.appoloviracel.com.uy\/index.php\/wp-json\/wp\/v2\/media?parent=4551"}],"curies":[{"name":"wp","href":"https:\/\/api.w.org\/{rel}","templated":true}]}}