{"id":4542,"date":"2021-03-11T23:55:05","date_gmt":"2021-03-12T02:55:05","guid":{"rendered":"https:\/\/www.appoloviracel.com.uy\/?post_type=product&#038;p=4542"},"modified":"2021-07-14T16:16:30","modified_gmt":"2021-07-14T19:16:30","slug":"webcam-con-microfono-genius-qcam-6000","status":"publish","type":"product","link":"https:\/\/www.appoloviracel.com.uy\/index.php\/product\/webcam-con-microfono-genius-qcam-6000\/","title":{"rendered":"Webcam Genius \u00abQcam 6000\u00bb con Micr\u00f3fono"},"content":{"rendered":"<h4>Caracter\u00edsticas y especificaciones:<\/h4>\n<p>La resoluci\u00f3n Full HD 1080p ofrece una impresi\u00f3n v\u00edvida en todo momento con videollamadas realistas. Te ofrece conversaciones claras sin molestos ruidos de fondo. Mejora la riqueza y nitidez del color de la imagen. Puede adjuntar un tr\u00edpode para m\u00e1s opciones de colocaci\u00f3n. Adem\u00e1s, el giro de 360 grados hace que las llamadas y la grabaci\u00f3n sean m\u00e1s f\u00e1ciles en cualquier \u00e1ngulo.<\/p>\n<ul>\n<li>Garant\u00eda: 6 meses contra defecto de fabricaci\u00f3n<\/li>\n<\/ul>\n<h5><\/h5>\n<h5>*Las im\u00e1genes son a modo ilustrativo.<\/h5>\n<p>&nbsp;<\/p>\n","protected":false},"excerpt":{"rendered":"<h3><span style=\"color: #ff0000;\"><strong>\u00abArt\u00edculo Agotado\u00bb<\/strong><\/span><\/h3>\n<h3><span style=\"color: #339966;\"><strong>\u00a0<\/strong><\/span><\/h3>\n","protected":false},"featured_media":4543,"comment_status":"open","ping_status":"closed","template":"","meta":[],"_links":{"self":[{"href":"https:\/\/www.appoloviracel.com.uy\/index.php\/wp-json\/wp\/v2\/product\/4542"}],"collection":[{"href":"https:\/\/www.appoloviracel.com.uy\/index.php\/wp-json\/wp\/v2\/product"}],"about":[{"href":"https:\/\/www.appoloviracel.com.uy\/index.php\/wp-json\/wp\/v2\/types\/product"}],"replies":[{"embeddable":true,"href":"https:\/\/www.appoloviracel.com.uy\/index.php\/wp-json\/wp\/v2\/comments?post=4542"}],"wp:featuredmedia":[{"embeddable":true,"href":"https:\/\/www.appoloviracel.com.uy\/index.php\/wp-json\/wp\/v2\/media\/4543"}],"wp:attachment":[{"href":"https:\/\/www.appoloviracel.com.uy\/index.php\/wp-json\/wp\/v2\/media?parent=4542"}],"curies":[{"name":"wp","href":"https:\/\/api.w.org\/{rel}","templated":true}]}}