{"id":4481,"date":"2021-03-10T23:28:28","date_gmt":"2021-03-11T02:28:28","guid":{"rendered":"https:\/\/www.appoloviracel.com.uy\/?post_type=product&#038;p=4481"},"modified":"2021-04-15T20:03:51","modified_gmt":"2021-04-15T23:03:51","slug":"memoria-microsd-kingston-select-plus-64gb","status":"publish","type":"product","link":"https:\/\/www.appoloviracel.com.uy\/index.php\/product\/memoria-microsd-kingston-select-plus-64gb\/","title":{"rendered":"Memoria MicroSD \u00abKingston\u00bb Select Plus 64Gb"},"content":{"rendered":"<h4>Caracter\u00edsticas y especificaciones:<\/h4>\n<p>La tarjeta microSD Canvas Select Plus de Kingston est\u00e1 dise\u00f1ada para ser confiable, lo que la hace ideal para filmar en HD y tomar fotos de alta resoluci\u00f3n en su tel\u00e9fono inteligente Android \u2122.\u00a0Esta tarjeta ha sido probada para ser resistente, por lo que puede llevarla a cualquier parte con la confianza de que sus fotos, videos y otros datos estar\u00e1n protegidos.<\/p>\n<p>Modelo: Canvas Select Plus<br \/>\nClase 10 UHS-I acelera hasta 80 MB\/s de lectura<br \/>\nCapacidad: 64 GB<br \/>\nClase: 10<br \/>\nConstruido y probado para resistir ambientes hostiles.<br \/>\nAgua (sumergible)<br \/>\nTemperaturas extremas<br \/>\nAnti shock<br \/>\nRayos-X<\/p>\n<h5><strong>*Las im\u00e1genes son a modo ilustrativo.<\/strong><\/h5>\n","protected":false},"excerpt":{"rendered":"<h3><span style=\"color: #ff0000;\"><strong>*Consultar precio<\/strong><\/span><\/h3>\n<h5><strong>\u00abArt\u00edculo sujeto a stock\u00bb<\/strong><\/h5>\n<h3><span style=\"color: #339966;\"><strong>\u00a0<\/strong><\/span><\/h3>\n","protected":false},"featured_media":4482,"comment_status":"open","ping_status":"closed","template":"","meta":[],"_links":{"self":[{"href":"https:\/\/www.appoloviracel.com.uy\/index.php\/wp-json\/wp\/v2\/product\/4481"}],"collection":[{"href":"https:\/\/www.appoloviracel.com.uy\/index.php\/wp-json\/wp\/v2\/product"}],"about":[{"href":"https:\/\/www.appoloviracel.com.uy\/index.php\/wp-json\/wp\/v2\/types\/product"}],"replies":[{"embeddable":true,"href":"https:\/\/www.appoloviracel.com.uy\/index.php\/wp-json\/wp\/v2\/comments?post=4481"}],"wp:featuredmedia":[{"embeddable":true,"href":"https:\/\/www.appoloviracel.com.uy\/index.php\/wp-json\/wp\/v2\/media\/4482"}],"wp:attachment":[{"href":"https:\/\/www.appoloviracel.com.uy\/index.php\/wp-json\/wp\/v2\/media?parent=4481"}],"curies":[{"name":"wp","href":"https:\/\/api.w.org\/{rel}","templated":true}]}}