{"id":44758,"date":"2026-04-24T15:26:48","date_gmt":"2026-04-24T18:26:48","guid":{"rendered":"https:\/\/www.appoloviracel.com.uy\/?post_type=product&#038;p=44758"},"modified":"2026-04-24T15:26:49","modified_gmt":"2026-04-24T18:26:49","slug":"auricular-jbl-tune-530bt-bluetooth","status":"publish","type":"product","link":"https:\/\/www.appoloviracel.com.uy\/index.php\/product\/auricular-jbl-tune-530bt-bluetooth\/","title":{"rendered":"Auricular JBL \u00abTune 530BT\u00bb (Bluetooth)"},"content":{"rendered":"<h2>Caracter\u00edsticas y especificaciones:<\/h2>\n<p>Los <strong>JBL Tune 530BT<\/strong> son auriculares inal\u00e1mbricos supraaurales (on-ear) que destacan por una autonom\u00eda de bater\u00eda excepcional de hasta <strong>76 horas<\/strong>. Lanzados como sucesores del popular modelo Tune 520BT, incorporan tecnolog\u00eda <strong>Bluetooth 6.0<\/strong>, conexi\u00f3n multipunto y el caracter\u00edstico sonido <strong>JBL Pure Bass<\/strong>.<\/p>\n<ul>\n<li>Audio: Drivers de 33 mm que ofrecen graves profundos y potentes.<\/li>\n<li>Bater\u00eda: Hasta 76 horas de reproducci\u00f3n continua. Incluyen carga r\u00e1pida que proporciona 5 horas de m\u00fasica con solo 5 minutos de carga.<\/li>\n<li>Conectividad: Bluetooth 6.0 con soporte para LE Audio, permitiendo una transmisi\u00f3n de alta calidad con menor consumo de energ\u00eda.<\/li>\n<li>Micr\u00f3fonos: Equipados con 2 micr\u00f3fonos con tecnolog\u00eda beamforming en cada auricular para mejorar la claridad de las llamadas y reducir el ruido ambiental.<\/li>\n<li>Peso: Dise\u00f1o ultraligero de aproximadamente 152 gramos<\/li>\n<li>Conexi\u00f3n Multipunto: Permite emparejar los auriculares con dos dispositivos simult\u00e1neamente (por ejemplo, una tableta y un m\u00f3vil) y alternar entre ellos sin esfuerzo.<\/li>\n<li>Personalizaci\u00f3n: Compatible con la aplicaci\u00f3n JBL Headphones, donde puedes ajustar el sonido mediante ecualizadores predefinidos o personalizados.<\/li>\n<li>Dise\u00f1o Funcional: Son plegables, lo que facilita su transporte, y cuentan con almohadillas suaves para mayor comodidad durante usos prolongados.<\/li>\n<li>Sustentabilidad: Este modelo ha sido dise\u00f1ado con un enfoque ecol\u00f3gico, incluyendo una bater\u00eda reemplazable para extender la vida \u00fatil del producto.<\/li>\n<li>El Tune 530BT presenta mejoras significativas respecto al JBL Tune 520BT:<\/li>\n<li>Autonom\u00eda: Sube de 57 a 76 horas.<\/li>\n<li>Bluetooth: Se actualiza de la versi\u00f3n 5.3 a la 6.0.<\/li>\n<li>Llamadas: Pasa de tener un solo micr\u00f3fono a un sistema de dos micr\u00f3fonos con formaci\u00f3n de haces para mayor nitidez.<\/li>\n<li>Compatibilidad: A\u00f1ade soporte para Fast Pair de Google y Swift Pair de Microsoft para un emparejamiento casi instant\u00e1neo.<\/li>\n<\/ul>\n<p><strong>\u00a0<\/strong><\/p>\n<h5><strong>*Las im\u00e1genes son a modo ilustrativo.<\/strong><\/h5>\n","protected":false},"excerpt":{"rendered":"<h3><span style=\"color: #339966;\"><strong>$ 2.890<\/strong><\/span><\/h3>\n","protected":false},"featured_media":44759,"comment_status":"open","ping_status":"closed","template":"","meta":[],"_links":{"self":[{"href":"https:\/\/www.appoloviracel.com.uy\/index.php\/wp-json\/wp\/v2\/product\/44758"}],"collection":[{"href":"https:\/\/www.appoloviracel.com.uy\/index.php\/wp-json\/wp\/v2\/product"}],"about":[{"href":"https:\/\/www.appoloviracel.com.uy\/index.php\/wp-json\/wp\/v2\/types\/product"}],"replies":[{"embeddable":true,"href":"https:\/\/www.appoloviracel.com.uy\/index.php\/wp-json\/wp\/v2\/comments?post=44758"}],"wp:featuredmedia":[{"embeddable":true,"href":"https:\/\/www.appoloviracel.com.uy\/index.php\/wp-json\/wp\/v2\/media\/44759"}],"wp:attachment":[{"href":"https:\/\/www.appoloviracel.com.uy\/index.php\/wp-json\/wp\/v2\/media?parent=44758"}],"curies":[{"name":"wp","href":"https:\/\/api.w.org\/{rel}","templated":true}]}}