{"id":44736,"date":"2026-04-21T14:31:14","date_gmt":"2026-04-21T17:31:14","guid":{"rendered":"https:\/\/www.appoloviracel.com.uy\/?post_type=product&#038;p=44736"},"modified":"2026-04-21T14:32:35","modified_gmt":"2026-04-21T17:32:35","slug":"webcam-genius-face-cam-2000x2-full-hd","status":"publish","type":"product","link":"https:\/\/www.appoloviracel.com.uy\/index.php\/product\/webcam-genius-face-cam-2000x2-full-hd\/","title":{"rendered":"Webcam Genius \u00abFace Cam 2000X2\u00bb Full HD"},"content":{"rendered":"<h2>Caracter\u00edsticas y especificaciones:<\/h2>\n<p>La <strong>Genius FaceCam 2000X2<\/strong> es una c\u00e1mara web de alta definici\u00f3n dise\u00f1ada para videollamadas, clases virtuales y conferencias de negocios. Se destaca por su facilidad de uso \u00abPlug and Play\u00bb y su dise\u00f1o flexible.<\/p>\n<ul>\n<li>Resoluci\u00f3n: Captura video en Full HD 1080p (1920 * 1080 p\u00edxeles) a un m\u00e1ximo de 30 FPS.<\/li>\n<li>Sensor: Utiliza un sensor CMOS de 2 megap\u00edxeles (2MP).<\/li>\n<li>Enfoque: Posee un sistema de enfoque fijo, lo que significa que no requiere ajustes manuales para mantener la nitidez a distancias est\u00e1ndar.<\/li>\n<li>Micr\u00f3fono: Incluye un micr\u00f3fono digital integrado (omnidireccional o mono seg\u00fan la configuraci\u00f3n) para una comunicaci\u00f3n clara sin necesidad de perif\u00e9ricos adicionales.<\/li>\n<li>Conectividad: Interfaz USB 2.0 con soporte UVC (Plug &amp; Play), compatible con Windows (7 o superior), macOS (10.10 o superior) y Linux.<\/li>\n<li>Rotaci\u00f3n de 360\u00b0: El cuerpo de la c\u00e1mara puede girar horizontalmente en un c\u00edrculo completo para captar cualquier \u00e1ngulo.<\/li>\n<li>Clip Universal: Soporte ajustable en 180\u00b0 dise\u00f1ado para adaptarse tanto a pantallas de laptops como a monitores LCD.<\/li>\n<li>Montaje en Tr\u00edpode: Cuenta con una rosca en la base compatible con tr\u00edpodes est\u00e1ndar de 1\/4 de pulgada (tr\u00edpode no incluido).<\/li>\n<li>Dimensiones y Peso: Es un dispositivo compacto con un peso aproximado de 69 gramos (incluyendo el cable de 1.5 metros)<\/li>\n<\/ul>\n<p>&nbsp;<\/p>\n<h5><strong>*Las im\u00e1genes son a modo ilustrativo.<\/strong><\/h5>\n","protected":false},"excerpt":{"rendered":"<h3><span style=\"color: #339966;\"><strong>U$S 42<\/strong><\/span><\/h3>\n","protected":false},"featured_media":44737,"comment_status":"open","ping_status":"closed","template":"","meta":[],"_links":{"self":[{"href":"https:\/\/www.appoloviracel.com.uy\/index.php\/wp-json\/wp\/v2\/product\/44736"}],"collection":[{"href":"https:\/\/www.appoloviracel.com.uy\/index.php\/wp-json\/wp\/v2\/product"}],"about":[{"href":"https:\/\/www.appoloviracel.com.uy\/index.php\/wp-json\/wp\/v2\/types\/product"}],"replies":[{"embeddable":true,"href":"https:\/\/www.appoloviracel.com.uy\/index.php\/wp-json\/wp\/v2\/comments?post=44736"}],"wp:featuredmedia":[{"embeddable":true,"href":"https:\/\/www.appoloviracel.com.uy\/index.php\/wp-json\/wp\/v2\/media\/44737"}],"wp:attachment":[{"href":"https:\/\/www.appoloviracel.com.uy\/index.php\/wp-json\/wp\/v2\/media?parent=44736"}],"curies":[{"name":"wp","href":"https:\/\/api.w.org\/{rel}","templated":true}]}}