{"id":44709,"date":"2026-04-13T18:53:05","date_gmt":"2026-04-13T21:53:05","guid":{"rendered":"https:\/\/www.appoloviracel.com.uy\/?post_type=product&#038;p=44709"},"modified":"2026-04-13T18:53:06","modified_gmt":"2026-04-13T21:53:06","slug":"celular-honor-magic8-lite-5g-256gb-8gb","status":"publish","type":"product","link":"https:\/\/www.appoloviracel.com.uy\/index.php\/product\/celular-honor-magic8-lite-5g-256gb-8gb\/","title":{"rendered":"Celular Honor \u00abMagic8 Lite\u00bb 5G (256Gb-8Gb)"},"content":{"rendered":"<h2>Caracter\u00edsticas y especificaciones:<\/h2>\n<p>El Honor Magic 8 Lite 5G destaca por su extrema resistencia, contando con certificaci\u00f3n triple IP69K\/IP69\/IP68 contra agua y polvo, y pantalla protegida contra ca\u00eddas de hasta 2.5 metros. Ofrece una pantalla AMOLED de 6.79 pulgadas a 120Hz, bater\u00eda de hasta 8.300mAh, procesador Snapdragon 6 Gen 4 y c\u00e1mara de 108MP<\/p>\n<ul>\n<li>Resistencia y Durabilidad: Certificaci\u00f3n SGS de 5 estrellas en ca\u00eddas y certificaci\u00f3n IP69K\/IP69\/IP68, soportando inmersi\u00f3n y agua a presi\u00f3n.<\/li>\n<li>Pantalla: Panel AMOLED de 6.79 pulgadas con resoluci\u00f3n 1.5K (2.640*1.200), 120Hz de refresco y un brillo pico de hasta 6000 nits.<\/li>\n<li>Rendimiento y Memoria: Procesador Qualcomm Snapdragon 6 Gen 4 (5G), con 8GB de RAM y 256GB de almacenamiento interno.<\/li>\n<li>Bater\u00eda: Bater\u00eda de gran capacidad de 8.300 mAh, con carga r\u00e1pida.<\/li>\n<li>C\u00e1maras: C\u00e1mara principal de 108MP + 5MP y c\u00e1mara frontal de 16MP.<\/li>\n<li>Sistema Operativo: Android 15 de f\u00e1brica con la capa de personalizaci\u00f3n de Honor y funciones de IA.<\/li>\n<li>Se incluyen los siguientes accesorios: <strong>Cargador y Manual<\/strong><\/li>\n<li><strong>Garant\u00eda:<\/strong> 12 meses contra defecto de fabricaci\u00f3n<\/li>\n<\/ul>\n<p>&nbsp;<\/p>\n<h3><span style=\"color: #ff0000;\"><strong>Contado efectivo: 10% de Descuento<\/strong><\/span><\/h3>\n<h5><strong>*Las im\u00e1genes son a modo ilustrativo.<\/strong><\/h5>\n","protected":false},"excerpt":{"rendered":"<h3><span style=\"color: #339966;\"><strong>U$S 599<\/strong><\/span><\/h3>\n","protected":false},"featured_media":44710,"comment_status":"open","ping_status":"closed","template":"","meta":[],"_links":{"self":[{"href":"https:\/\/www.appoloviracel.com.uy\/index.php\/wp-json\/wp\/v2\/product\/44709"}],"collection":[{"href":"https:\/\/www.appoloviracel.com.uy\/index.php\/wp-json\/wp\/v2\/product"}],"about":[{"href":"https:\/\/www.appoloviracel.com.uy\/index.php\/wp-json\/wp\/v2\/types\/product"}],"replies":[{"embeddable":true,"href":"https:\/\/www.appoloviracel.com.uy\/index.php\/wp-json\/wp\/v2\/comments?post=44709"}],"wp:featuredmedia":[{"embeddable":true,"href":"https:\/\/www.appoloviracel.com.uy\/index.php\/wp-json\/wp\/v2\/media\/44710"}],"wp:attachment":[{"href":"https:\/\/www.appoloviracel.com.uy\/index.php\/wp-json\/wp\/v2\/media?parent=44709"}],"curies":[{"name":"wp","href":"https:\/\/api.w.org\/{rel}","templated":true}]}}