{"id":44699,"date":"2026-04-10T14:18:19","date_gmt":"2026-04-10T17:18:19","guid":{"rendered":"https:\/\/www.appoloviracel.com.uy\/?post_type=product&#038;p=44699"},"modified":"2026-04-10T14:18:19","modified_gmt":"2026-04-10T17:18:19","slug":"celular-xiaomi-redmi-note15pro-5g-512gb-8gb","status":"publish","type":"product","link":"https:\/\/www.appoloviracel.com.uy\/index.php\/product\/celular-xiaomi-redmi-note15pro-5g-512gb-8gb\/","title":{"rendered":"Celular Xiaomi \u00abRedmi Note15Pro\u00bb 5G (512Gb-8Gb)"},"content":{"rendered":"<h2>Caracter\u00edsticas y especificaciones:<strong>\u00a0<\/strong><\/h2>\n<h4><span style=\"color: #ff0000;\"><strong>Apto para LTE de todas las compa\u00f1\u00edas.<\/strong><\/span><\/h4>\n<p>El <strong>Xiaomi Redmi Note 15Pro 5G<\/strong> tiene una pantalla AMOLED de 6.77 pulgadas con tasa de refresco de 120Hz y est\u00e1 potenciado por un procesador Snapdragon 6 Gen 3 con hasta 8GB de RAM y 512GB de almacenamiento interno. Su c\u00e1mara dual es de 108MP, tiene lector de huellas integrado en la pantalla, parlantes stereo, y certificaci\u00f3n IP66, y se alimenta de una bater\u00eda de 5.520 mAh de carga r\u00e1pida,<\/p>\n<ul>\n<li>Pantalla: 6.77&#8243;, 1080 * 2392 pixeles<\/li>\n<li>Procesador: Snapdragon 6 Gen 3 2.4GHz<\/li>\n<li>Memoria RAM: 8GB<\/li>\n<li>Almacenamiento: 512GB<\/li>\n<li>Expansi\u00f3n: microSD<\/li>\n<li>C\u00e1mara: Dual, 108MP+8MP<\/li>\n<li>Bater\u00eda: 5.520 mAh<\/li>\n<li>OS: Android 15<\/li>\n<li>Perfil \u00a0 7.4 mm<\/li>\n<li>Peso \u00a0\u00a0 178 grs.<\/li>\n<li>Se incluyen los siguientes accesorios: <strong>Cargador y Manual <\/strong><\/li>\n<li><strong>Garant\u00eda:<\/strong> 12 meses contra defecto de fabricaci\u00f3n<\/li>\n<\/ul>\n<h4><span style=\"color: #ff0000;\"><strong>\u00a0<\/strong><\/span><\/h4>\n<h4><span style=\"color: #ff0000;\"><strong>Contado efectivo: 10% de Descuento<\/strong><\/span><\/h4>\n<h5><strong>*Las im\u00e1genes son a modo ilustrativo.<\/strong><\/h5>\n","protected":false},"excerpt":{"rendered":"<h3><strong><span style=\"font-family: 'Cambria','serif'; color: #339966;\">U$S 499<\/span><\/strong><\/h3>\n","protected":false},"featured_media":44700,"comment_status":"open","ping_status":"closed","template":"","meta":[],"_links":{"self":[{"href":"https:\/\/www.appoloviracel.com.uy\/index.php\/wp-json\/wp\/v2\/product\/44699"}],"collection":[{"href":"https:\/\/www.appoloviracel.com.uy\/index.php\/wp-json\/wp\/v2\/product"}],"about":[{"href":"https:\/\/www.appoloviracel.com.uy\/index.php\/wp-json\/wp\/v2\/types\/product"}],"replies":[{"embeddable":true,"href":"https:\/\/www.appoloviracel.com.uy\/index.php\/wp-json\/wp\/v2\/comments?post=44699"}],"wp:featuredmedia":[{"embeddable":true,"href":"https:\/\/www.appoloviracel.com.uy\/index.php\/wp-json\/wp\/v2\/media\/44700"}],"wp:attachment":[{"href":"https:\/\/www.appoloviracel.com.uy\/index.php\/wp-json\/wp\/v2\/media?parent=44699"}],"curies":[{"name":"wp","href":"https:\/\/api.w.org\/{rel}","templated":true}]}}