{"id":44691,"date":"2026-03-27T15:02:35","date_gmt":"2026-03-27T18:02:35","guid":{"rendered":"https:\/\/www.appoloviracel.com.uy\/?post_type=product&#038;p=44691"},"modified":"2026-03-27T15:02:36","modified_gmt":"2026-03-27T18:02:36","slug":"tablet-samsung-galaxy-tab-a11-256gb-8gb","status":"publish","type":"product","link":"https:\/\/www.appoloviracel.com.uy\/index.php\/product\/tablet-samsung-galaxy-tab-a11-256gb-8gb\/","title":{"rendered":"Tablet Samsung \u00abGalaxy Tab A11+\u00bb (256Gb-8Gb)"},"content":{"rendered":"<h2>Caracter\u00edsticas y especificaciones:<strong>\u00a0<\/strong><\/h2>\n<p>La Samsung Galaxy Tab A11+, es una tablet de gama media enfocada en el entretenimiento y productividad, destacando por su pantalla de 11 pulgadas, 8GB RAM, y 256 GB de almacenamiento, ampliable hasta 2TB. Viene con Android 16, cuatro altavoces y un dise\u00f1o de metal\/pl\u00e1stico con bater\u00eda para todo el d\u00eda<\/p>\n<ul>\n<li>Pantalla: 11 pulgadas TFT con resoluci\u00f3n de 1920* 1200, (WUXGA) y una tasa de refresco de 90 Hz.<\/li>\n<li>Rendimiento: Procesador Octa-Core de hasta 2.5 GHz (generalmente MediaTek MT8775), con opciones de 8GB de RAM.<\/li>\n<li>Almacenamiento: Versiones de 256GB, expandibles mediante microSD hasta 2TB.<\/li>\n<li>Bater\u00eda: Capacidad de 7.040 mAh, dise\u00f1ada para uso prolongado.<\/li>\n<li>C\u00e1maras: Trasera de 8.0 MP y frontal de 5.0 MP.<\/li>\n<li>Audio y Conectividad: Cuatro altavoces est\u00e9reo, Bluetooth 5.3, Wi-Fi 5 y puerto USB 2.0 (USB-C).<\/li>\n<li>Software: Android 16 con interfaz Samsung One UI 8.0, incluyendo soporte para mejoras de rendimiento como RAM Plus.<\/li>\n<li>Dise\u00f1o: Construcci\u00f3n s\u00f3lida (pl\u00e1stico y metal) con un peso de 477 gramos<\/li>\n<li>Se incluyen los siguientes accesorios: <strong>Cargador y Manual<\/strong><\/li>\n<li><strong>Garant\u00eda:<\/strong> 12 meses contra defecto de fabricaci\u00f3n<\/li>\n<\/ul>\n<h4><\/h4>\n<h4><span style=\"color: #ff0000;\"><strong>Contado efectivo: 10% de Descuento<\/strong><\/span><\/h4>\n<h5><strong>*Las im\u00e1genes son a modo ilustrativo.<\/strong><\/h5>\n","protected":false},"excerpt":{"rendered":"<h3><strong><span style=\"font-family: 'Cambria','serif'; color: green;\">U$S 420<\/span><\/strong><\/h3>\n","protected":false},"featured_media":44679,"comment_status":"open","ping_status":"closed","template":"","meta":[],"_links":{"self":[{"href":"https:\/\/www.appoloviracel.com.uy\/index.php\/wp-json\/wp\/v2\/product\/44691"}],"collection":[{"href":"https:\/\/www.appoloviracel.com.uy\/index.php\/wp-json\/wp\/v2\/product"}],"about":[{"href":"https:\/\/www.appoloviracel.com.uy\/index.php\/wp-json\/wp\/v2\/types\/product"}],"replies":[{"embeddable":true,"href":"https:\/\/www.appoloviracel.com.uy\/index.php\/wp-json\/wp\/v2\/comments?post=44691"}],"wp:featuredmedia":[{"embeddable":true,"href":"https:\/\/www.appoloviracel.com.uy\/index.php\/wp-json\/wp\/v2\/media\/44679"}],"wp:attachment":[{"href":"https:\/\/www.appoloviracel.com.uy\/index.php\/wp-json\/wp\/v2\/media?parent=44691"}],"curies":[{"name":"wp","href":"https:\/\/api.w.org\/{rel}","templated":true}]}}