{"id":4469,"date":"2021-03-10T23:15:54","date_gmt":"2021-03-11T02:15:54","guid":{"rendered":"https:\/\/www.appoloviracel.com.uy\/?post_type=product&#038;p=4469"},"modified":"2021-04-15T19:59:29","modified_gmt":"2021-04-15T22:59:29","slug":"memoria-microsd-kingston-select-plus-16gb","status":"publish","type":"product","link":"https:\/\/www.appoloviracel.com.uy\/index.php\/product\/memoria-microsd-kingston-select-plus-16gb\/","title":{"rendered":"Memoria MicroSD \u00abKingston\u00bb Select Plus 16Gb"},"content":{"rendered":"<h4>Caracter\u00edsticas y especificaciones:<\/h4>\n<p>Las tarjetas microSD Canvas Select Plus de Kingston son compatibles con dispositivos Android y han sido dise\u00f1adas para un rendimiento de nivel A1. Se caracteriza por una mayor velocidad y capacidad para cargar m\u00e1s r\u00e1pido las aplicaciones, as\u00ed como para capturar im\u00e1genes y v\u00eddeos de m\u00faltiples capacidades hasta 512 GB<sup>1<\/sup>. Excelentes en rendimiento, velocidad y durabilidad, las tarjeas microSD Canvas Select Plus han sido dise\u00f1adas para una alta fiabilidad al tomar fotos y filmar im\u00e1genes, as\u00ed como para editar v\u00eddeos de alta definici\u00f3n. Las tarjetas <strong>Canvas de Kingston<\/strong> han sido sometidas a exhaustivas pruebas en los m\u00e1s rigurosos entornos y condiciones, con el objeto de que pueda llevarlas consigo con la confianza de que sus fotos, v\u00eddeos y archivos estar\u00e1n protegidos.<\/p>\n<h5><strong>*Las im\u00e1genes son a modo ilustrativo.<\/strong><\/h5>\n","protected":false},"excerpt":{"rendered":"<h3><span style=\"color: #ff0000;\"><strong>*Consultar precio<\/strong><\/span><\/h3>\n<h5><strong>\u00abArt\u00edculo sujeto a stock\u00bb<\/strong><\/h5>\n<h3><\/h3>\n","protected":false},"featured_media":4470,"comment_status":"open","ping_status":"closed","template":"","meta":[],"_links":{"self":[{"href":"https:\/\/www.appoloviracel.com.uy\/index.php\/wp-json\/wp\/v2\/product\/4469"}],"collection":[{"href":"https:\/\/www.appoloviracel.com.uy\/index.php\/wp-json\/wp\/v2\/product"}],"about":[{"href":"https:\/\/www.appoloviracel.com.uy\/index.php\/wp-json\/wp\/v2\/types\/product"}],"replies":[{"embeddable":true,"href":"https:\/\/www.appoloviracel.com.uy\/index.php\/wp-json\/wp\/v2\/comments?post=4469"}],"wp:featuredmedia":[{"embeddable":true,"href":"https:\/\/www.appoloviracel.com.uy\/index.php\/wp-json\/wp\/v2\/media\/4470"}],"wp:attachment":[{"href":"https:\/\/www.appoloviracel.com.uy\/index.php\/wp-json\/wp\/v2\/media?parent=4469"}],"curies":[{"name":"wp","href":"https:\/\/api.w.org\/{rel}","templated":true}]}}