{"id":44673,"date":"2026-03-25T14:26:24","date_gmt":"2026-03-25T17:26:24","guid":{"rendered":"https:\/\/www.appoloviracel.com.uy\/?post_type=product&#038;p=44673"},"modified":"2026-03-25T14:26:24","modified_gmt":"2026-03-25T17:26:24","slug":"celular-xiaomi-redmi-a7pro-128gb-4gb","status":"publish","type":"product","link":"https:\/\/www.appoloviracel.com.uy\/index.php\/product\/celular-xiaomi-redmi-a7pro-128gb-4gb\/","title":{"rendered":"Celular Xiaomi \u00abRedmi A7Pro\u00bb (128Gb-4Gb)"},"content":{"rendered":"<h2>Caracter\u00edsticas y especificaciones:<strong>\u00a0<\/strong><\/h2>\n<h4><span style=\"color: #ff0000;\"><strong>Apto para LTE de todas las compa\u00f1\u00edas.<\/strong><\/span><\/h4>\n<p>El Redmi A7 Pro es un smartphone de gama de entrada destacado por su gran pantalla de 6.9 pulgadas a 120Hz, bater\u00eda de 6.000mAh y una configuraci\u00f3n de memoria ampliable (4GB+4GB RAM, 128GB ROM). Funciona con Android 15 + HyperOS y cuenta con c\u00e1mara trasera de 13MP y procesador octa-core, dise\u00f1ado para uso diario eficiente<\/p>\n<ul>\n<li>Pantalla: 6.9&#8243; IPS LCD con resoluci\u00f3n HD+ y una tasa de refresco fluida de 120 Hz.<\/li>\n<li>Bater\u00eda y Carga: 6.000 mAh de larga duraci\u00f3n, ideal para uso intensivo todo el d\u00eda.<\/li>\n<li>Rendimiento: Procesador Octa-Core (Unisoc T7250 o similar seg\u00fan variante).<\/li>\n<li>Memoria: 4GB de RAM f\u00edsica + 4GB de RAM virtual (total 8GB) y 128GB de almacenamiento interno.<\/li>\n<li>C\u00e1maras: C\u00e1mara trasera de 13MP con inteligencia artificial y c\u00e1mara frontal de 5MP o 8MP.<\/li>\n<li>Sistema y Conectividad: Android 15 con HyperOS, 4G LTE, y certificaci\u00f3n de resistencia al agua\/polvo IP54<\/li>\n<li>Se incluyen los siguientes accesorios: <strong>Cargador y Manual<\/strong><\/li>\n<li><strong>Garant\u00eda:<\/strong> 12 meses contra defecto de fabricaci\u00f3n<\/li>\n<\/ul>\n<p>&nbsp;<\/p>\n<h4><span style=\"color: #ff0000;\"><strong>Contado efectivo: 10% de Descuento<\/strong><\/span><\/h4>\n<h5><strong>*Las im\u00e1genes son a modo ilustrativo.<\/strong><\/h5>\n","protected":false},"excerpt":{"rendered":"<h3><strong><span style=\"font-family: 'Cambria','serif'; color: #339966;\">U$S 185<\/span><\/strong><\/h3>\n","protected":false},"featured_media":44674,"comment_status":"open","ping_status":"closed","template":"","meta":[],"_links":{"self":[{"href":"https:\/\/www.appoloviracel.com.uy\/index.php\/wp-json\/wp\/v2\/product\/44673"}],"collection":[{"href":"https:\/\/www.appoloviracel.com.uy\/index.php\/wp-json\/wp\/v2\/product"}],"about":[{"href":"https:\/\/www.appoloviracel.com.uy\/index.php\/wp-json\/wp\/v2\/types\/product"}],"replies":[{"embeddable":true,"href":"https:\/\/www.appoloviracel.com.uy\/index.php\/wp-json\/wp\/v2\/comments?post=44673"}],"wp:featuredmedia":[{"embeddable":true,"href":"https:\/\/www.appoloviracel.com.uy\/index.php\/wp-json\/wp\/v2\/media\/44674"}],"wp:attachment":[{"href":"https:\/\/www.appoloviracel.com.uy\/index.php\/wp-json\/wp\/v2\/media?parent=44673"}],"curies":[{"name":"wp","href":"https:\/\/api.w.org\/{rel}","templated":true}]}}