{"id":44658,"date":"2026-03-09T13:39:40","date_gmt":"2026-03-09T16:39:40","guid":{"rendered":"https:\/\/www.appoloviracel.com.uy\/?post_type=product&#038;p=44658"},"modified":"2026-03-09T13:47:18","modified_gmt":"2026-03-09T16:47:18","slug":"cooler-pad-meetion-cp3030","status":"publish","type":"product","link":"https:\/\/www.appoloviracel.com.uy\/index.php\/product\/cooler-pad-meetion-cp3030\/","title":{"rendered":"Cooler Pad Meetion \u00abCP3030\u00bb"},"content":{"rendered":"<h2>Caracter\u00edsticas y especificaciones:<\/h2>\n<p>El <strong>Meetion CP3030<\/strong> es una base refrigerante para port\u00e1tiles dise\u00f1ada espec\u00edficamente para gaming, destacando por su sistema de <strong>5 ventiladores<\/strong>, retroiluminaci\u00f3n <strong>RGB<\/strong> y una superficie de <strong>aleaci\u00f3n de aluminio<\/strong> para mejorar la disipaci\u00f3n de calor.<\/p>\n<ul>\n<li>Compatibilidad: Port\u00e1tiles de 9 a 15,6 pulgadas.<\/li>\n<li>Sistema de ventilaci\u00f3n: 5 ventiladores silenciosos con velocidad ajustable manualmente.<\/li>\n<li>Ajuste de altura: 4 niveles diferentes, con \u00e1ngulos de inclinaci\u00f3n de 6,5 a 40 grados.<\/li>\n<li>Conectividad: Doble puerto USB (USB*2) para suministro de energ\u00eda.<\/li>\n<li>Dimensiones: 370 * 265 * 32 mm.<\/li>\n<li>Peso: Aproximadamente 740g.<\/li>\n<li>Potencia: 4W &#8211; 5W (5V, \u2264800mA).<\/li>\n<li>Dise\u00f1o Gaming: Cuenta con iluminaci\u00f3n RGB personalizable que rodea la base, mejorando la est\u00e9tica de cualquier estaci\u00f3n de juego.<\/li>\n<li>Materiales Premium: El panel superior est\u00e1 construido en hierro o aleaci\u00f3n de aluminio (seg\u00fan la regi\u00f3n\/variante) con una estructura de pl\u00e1stico ABS, lo que facilita la conducci\u00f3n del calor lejos del equipo.<\/li>\n<li>Estabilidad: Incluye un soporte inferior o \u00abfoot rest\u00bb para evitar que el port\u00e1til se deslice incluso en \u00e1ngulos de inclinaci\u00f3n elevados.<\/li>\n<li>Silencioso: Los ventiladores est\u00e1n dise\u00f1ados para ofrecer un alto flujo de aire con un nivel de ruido m\u00ednimo<\/li>\n<\/ul>\n<h4><\/h4>\n<h4><span style=\"color: #ff0000;\"><strong>* La garant\u00eda no cubre falla que se pueda dar por un uso intensivo.<\/strong><\/span><\/h4>\n<h5><strong>\u00a0*Las im\u00e1genes son a modo ilustrativo.<\/strong><\/h5>\n","protected":false},"excerpt":{"rendered":"<h3><span style=\"color: #339966;\"><strong>$ 1.090<\/strong><\/span><\/h3>\n","protected":false},"featured_media":44659,"comment_status":"open","ping_status":"closed","template":"","meta":[],"_links":{"self":[{"href":"https:\/\/www.appoloviracel.com.uy\/index.php\/wp-json\/wp\/v2\/product\/44658"}],"collection":[{"href":"https:\/\/www.appoloviracel.com.uy\/index.php\/wp-json\/wp\/v2\/product"}],"about":[{"href":"https:\/\/www.appoloviracel.com.uy\/index.php\/wp-json\/wp\/v2\/types\/product"}],"replies":[{"embeddable":true,"href":"https:\/\/www.appoloviracel.com.uy\/index.php\/wp-json\/wp\/v2\/comments?post=44658"}],"wp:featuredmedia":[{"embeddable":true,"href":"https:\/\/www.appoloviracel.com.uy\/index.php\/wp-json\/wp\/v2\/media\/44659"}],"wp:attachment":[{"href":"https:\/\/www.appoloviracel.com.uy\/index.php\/wp-json\/wp\/v2\/media?parent=44658"}],"curies":[{"name":"wp","href":"https:\/\/api.w.org\/{rel}","templated":true}]}}