{"id":44652,"date":"2026-03-07T17:56:48","date_gmt":"2026-03-07T20:56:48","guid":{"rendered":"https:\/\/www.appoloviracel.com.uy\/?post_type=product&#038;p=44652"},"modified":"2026-03-07T17:56:49","modified_gmt":"2026-03-07T20:56:49","slug":"cooler-pad-meetion-cp2020","status":"publish","type":"product","link":"https:\/\/www.appoloviracel.com.uy\/index.php\/product\/cooler-pad-meetion-cp2020\/","title":{"rendered":"Cooler Pad Meetion \u00abCP2020\u00bb"},"content":{"rendered":"<h2>Caracter\u00edsticas y especificaciones:<\/h2>\n<p>El <strong>Meetion CP2020<\/strong> es una base de refrigeraci\u00f3n para port\u00e1tiles dise\u00f1ada principalmente para equipos de <strong>9 a 14 pulgadas<\/strong>. Destaca por su superficie de <strong>aleaci\u00f3n de aluminio<\/strong> que facilita la disipaci\u00f3n de calor y su sistema de doble ventilador silencioso con iluminaci\u00f3n <strong>LED\/RGB<\/strong><\/p>\n<ul>\n<li>Ventilaci\u00f3n: Sistema de 2 ventiladores de alta eficiencia dise\u00f1ados para un funcionamiento silencioso.<\/li>\n<li>Materiales: Cubierta superior de aleaci\u00f3n de aluminio combinada con pl\u00e1stico ABS y rejilla de hierro.<\/li>\n<li>Ergonom\u00eda: \u00c1ngulo de operaci\u00f3n de 15\u00b0 con 2 niveles de ajuste de altura para mejorar la postura durante el uso.<\/li>\n<li>Dimensiones y Peso: Mide aproximadamente 340 * 265 * 32 mm y tiene un peso ligero de 440 \u00b1 5g.<\/li>\n<li>Iluminaci\u00f3n: Retroiluminaci\u00f3n LED (algunas variantes especificadas como RGB) para una est\u00e9tica gamer.<\/li>\n<li>Compatibilidad: Laptops y tablets de 9 a 14 pulgadas.<\/li>\n<li>Materiales: Cubierta superior de aleaci\u00f3n de aluminio para una disipaci\u00f3n de calor m\u00e1s efectiva y base de pl\u00e1stico ABS.<\/li>\n<li>Conectividad: Interfaz de doble puerto USB (USB*2) que permite alimentar la base sin perder un puerto en la laptop.<\/li>\n<li>Energ\u00eda: Funciona a 5V con un consumo de energ\u00eda de 4W.<\/li>\n<li>Iluminaci\u00f3n: Cuenta con retroiluminaci\u00f3n LED\/RGB dise\u00f1ada para crear una atm\u00f3sfera inmersiva de juego.<\/li>\n<li>Seguridad: Incluye un reposapi\u00e9s o soporte antideslizante en la parte inferior para evitar que la computadora se deslice.<\/li>\n<\/ul>\n<h4><\/h4>\n<h4><span style=\"color: #ff0000;\"><strong>* La garant\u00eda no cubre falla que se pueda dar por un uso intensivo.<\/strong><\/span><\/h4>\n<h5><strong>\u00a0*Las im\u00e1genes son a modo ilustrativo.<\/strong><\/h5>\n","protected":false},"excerpt":{"rendered":"<h3><span style=\"color: #339966;\"><strong>$ 650\u00a0\u00a0<\/strong><\/span><\/h3>\n","protected":false},"featured_media":44653,"comment_status":"open","ping_status":"closed","template":"","meta":[],"_links":{"self":[{"href":"https:\/\/www.appoloviracel.com.uy\/index.php\/wp-json\/wp\/v2\/product\/44652"}],"collection":[{"href":"https:\/\/www.appoloviracel.com.uy\/index.php\/wp-json\/wp\/v2\/product"}],"about":[{"href":"https:\/\/www.appoloviracel.com.uy\/index.php\/wp-json\/wp\/v2\/types\/product"}],"replies":[{"embeddable":true,"href":"https:\/\/www.appoloviracel.com.uy\/index.php\/wp-json\/wp\/v2\/comments?post=44652"}],"wp:featuredmedia":[{"embeddable":true,"href":"https:\/\/www.appoloviracel.com.uy\/index.php\/wp-json\/wp\/v2\/media\/44653"}],"wp:attachment":[{"href":"https:\/\/www.appoloviracel.com.uy\/index.php\/wp-json\/wp\/v2\/media?parent=44652"}],"curies":[{"name":"wp","href":"https:\/\/api.w.org\/{rel}","templated":true}]}}