{"id":44643,"date":"2026-03-04T12:19:31","date_gmt":"2026-03-04T15:19:31","guid":{"rendered":"https:\/\/www.appoloviracel.com.uy\/?post_type=product&#038;p=44643"},"modified":"2026-03-04T12:19:32","modified_gmt":"2026-03-04T15:19:32","slug":"auricular-jbl-soundgear-clips-bluetooth","status":"publish","type":"product","link":"https:\/\/www.appoloviracel.com.uy\/index.php\/product\/auricular-jbl-soundgear-clips-bluetooth\/","title":{"rendered":"Auricular JBL \u00abSoundgear Clips\u00bb (Bluetooth)"},"content":{"rendered":"<h2>Caracter\u00edsticas y especificaciones:<\/h2>\n<p>Los <strong>JBL Soundgear Clips<\/strong> son auriculares inal\u00e1mbricos de dise\u00f1o \u00abopen-ear\u00bb (o\u00eddo abierto) tipo clip que se enganchan en el cart\u00edlago de la oreja sin obstruir el canal auditivo. Utilizan la tecnolog\u00eda <strong>JBL OpenSound<\/strong> con conducci\u00f3n a\u00e9rea para ofrecer un sonido personal mientras mantienes total conciencia de tu entorno<\/p>\n<ul>\n<li>Dise\u00f1o SonicArc: Angula los altavoces de forma precisa para minimizar la fuga de sonido hacia el exterior y mejorar la respuesta de bajos mediante un algoritmo de refuerzo adaptativo.<\/li>\n<li>Autonom\u00eda: Ofrecen hasta 32 horas de reproducci\u00f3n total (8 horas en los auriculares m\u00e1s 24 horas adicionales con el estuche de carga). Incluyen carga r\u00e1pida: 10 minutos proporcionan unas 3 horas de uso.<\/li>\n<li>Conectividad: Cuentan con Bluetooth 5.4, conexi\u00f3n multipunto para dos dispositivos simult\u00e1neos y Google Fast Pair para un emparejamiento instant\u00e1neo con Android.<\/li>\n<li>Llamadas: Incorporan 4 micr\u00f3fonos con un algoritmo de reducci\u00f3n de ruido entrenado por IA para asegurar claridad incluso en condiciones de viento.<\/li>\n<li>Resistencia: Clasificaci\u00f3n IP54, lo que los hace resistentes al polvo, sudor y salpicaduras de lluvia, siendo aptos para deportes ligeros y uso diario.<\/li>\n<li>Estilo y Personalizaci\u00f3n: Estos auriculares destacan por su acabado transl\u00facido \u00abGhost\u00bb y est\u00e1n disponibles en colores como negro, blanco, p\u00farpura, azul y cobre. A trav\u00e9s de la aplicaci\u00f3n JBL Headphones, los usuarios pueden elegir entre 6 preajustes de ecualizaci\u00f3n o crear uno personalizado de 10 bandas, adem\u00e1s de configurar los gestos t\u00e1ctiles<\/li>\n<\/ul>\n<h5><\/h5>\n<h5><strong>*Las im\u00e1genes son a modo ilustrativo.<\/strong><\/h5>\n","protected":false},"excerpt":{"rendered":"<h3><span style=\"color: #339966;\"><strong>$ 6.850<\/strong><\/span><\/h3>\n","protected":false},"featured_media":44644,"comment_status":"open","ping_status":"closed","template":"","meta":[],"_links":{"self":[{"href":"https:\/\/www.appoloviracel.com.uy\/index.php\/wp-json\/wp\/v2\/product\/44643"}],"collection":[{"href":"https:\/\/www.appoloviracel.com.uy\/index.php\/wp-json\/wp\/v2\/product"}],"about":[{"href":"https:\/\/www.appoloviracel.com.uy\/index.php\/wp-json\/wp\/v2\/types\/product"}],"replies":[{"embeddable":true,"href":"https:\/\/www.appoloviracel.com.uy\/index.php\/wp-json\/wp\/v2\/comments?post=44643"}],"wp:featuredmedia":[{"embeddable":true,"href":"https:\/\/www.appoloviracel.com.uy\/index.php\/wp-json\/wp\/v2\/media\/44644"}],"wp:attachment":[{"href":"https:\/\/www.appoloviracel.com.uy\/index.php\/wp-json\/wp\/v2\/media?parent=44643"}],"curies":[{"name":"wp","href":"https:\/\/api.w.org\/{rel}","templated":true}]}}