{"id":44637,"date":"2026-02-27T15:53:08","date_gmt":"2026-02-27T18:53:08","guid":{"rendered":"https:\/\/www.appoloviracel.com.uy\/?post_type=product&#038;p=44637"},"modified":"2026-02-27T15:53:08","modified_gmt":"2026-02-27T18:53:08","slug":"monopatin-electrico-proove-urban","status":"publish","type":"product","link":"https:\/\/www.appoloviracel.com.uy\/index.php\/product\/monopatin-electrico-proove-urban\/","title":{"rendered":"Monopat\u00edn El\u00e9ctrico Proove \u00abUrban\u00bb"},"content":{"rendered":"<h2>Caracter\u00edsticas y especificaciones:<strong>\u00a0<\/strong><\/h2>\n<p>El <strong>Proove Urban<\/strong> es un monopat\u00edn el\u00e9ctrico dise\u00f1ado para la movilidad urbana que destaca por su motor de <strong>450W<\/strong>, alcanzando una velocidad m\u00e1xima de hasta <strong>35 km\/h<\/strong>. Es un modelo plegable fabricado en aluminio de grado aeron\u00e1utico, lo que lo hace ligero (19 kg) y resistente para el uso diario.<\/p>\n<ul>\n<li>Motor: 450 W de potencia nominal para rendimiento urbano confiable<\/li>\n<li>Velocidad m\u00e1xima: 35 km\/h<\/li>\n<li>Bater\u00eda y Autonom\u00eda: Equipado con una bater\u00eda de Ion-litio de alta capacidad de 13.6 Ah \/ 36V, ofrece una autonom\u00eda que var\u00eda entre 25 km y 50 km dependiendo de factores como el peso del usuario y el terreno.<\/li>\n<li>El tiempo de carga total es de aproximadamente 7 horas<\/li>\n<li>Material del cuerpo: estructura resistente de aleaci\u00f3n de aluminio.<\/li>\n<li>Peso m\u00e1ximo Soportado: hasta 120 kg<\/li>\n<li>Plegable para transporte y almacenamiento f\u00e1cil<\/li>\n<li>Edad recomendada: desde 14 a\u00f1os<\/li>\n<li>Tama\u00f1o de las ruedas 10&#8243;<\/li>\n<li>Es plegable<\/li>\n<li>Medidas: 126 cm * 113 cm * 46 cm (Alto x Largo x Ancho)<\/li>\n<li>.Capacidad de Carga: Soporta un peso m\u00e1ximo de hasta 120 kg.<\/li>\n<li>Seguridad: Incluye amortiguaci\u00f3n delantera, freno regenerativo, luces LED delanteras y traseras, y neum\u00e1ticos dise\u00f1ados para asfalto y terrenos urbanos leves.<\/li>\n<\/ul>\n<p>&nbsp;<\/p>\n<h4><span style=\"color: #ff0000;\"><strong>\u00a0Contado efectivo: 10% de Descuento<\/strong><\/span><\/h4>\n<h5><strong>*Las im\u00e1genes son a modo ilustrativo.<\/strong><\/h5>\n","protected":false},"excerpt":{"rendered":"<h3><strong><span style=\"font-family: 'Cambria','serif'; color: green;\">U$S 790<\/span><\/strong><\/h3>\n","protected":false},"featured_media":44638,"comment_status":"open","ping_status":"closed","template":"","meta":[],"_links":{"self":[{"href":"https:\/\/www.appoloviracel.com.uy\/index.php\/wp-json\/wp\/v2\/product\/44637"}],"collection":[{"href":"https:\/\/www.appoloviracel.com.uy\/index.php\/wp-json\/wp\/v2\/product"}],"about":[{"href":"https:\/\/www.appoloviracel.com.uy\/index.php\/wp-json\/wp\/v2\/types\/product"}],"replies":[{"embeddable":true,"href":"https:\/\/www.appoloviracel.com.uy\/index.php\/wp-json\/wp\/v2\/comments?post=44637"}],"wp:featuredmedia":[{"embeddable":true,"href":"https:\/\/www.appoloviracel.com.uy\/index.php\/wp-json\/wp\/v2\/media\/44638"}],"wp:attachment":[{"href":"https:\/\/www.appoloviracel.com.uy\/index.php\/wp-json\/wp\/v2\/media?parent=44637"}],"curies":[{"name":"wp","href":"https:\/\/api.w.org\/{rel}","templated":true}]}}