{"id":44626,"date":"2026-02-25T14:35:38","date_gmt":"2026-02-25T17:35:38","guid":{"rendered":"https:\/\/www.appoloviracel.com.uy\/?post_type=product&#038;p=44626"},"modified":"2026-02-25T14:35:39","modified_gmt":"2026-02-25T17:35:39","slug":"smartwatch-xiaomi-mibro-fit","status":"publish","type":"product","link":"https:\/\/www.appoloviracel.com.uy\/index.php\/product\/smartwatch-xiaomi-mibro-fit\/","title":{"rendered":"Smartwatch Xiaomi \u00abMibro Fit\u00bb"},"content":{"rendered":"<h2>Caracter\u00edsticas y especificaciones:<\/h2>\n<p>Mibro es una marca de tecnolog\u00eda perteneciente a la empresa <strong>Zhenshi Technology<\/strong>, la cual forma parte del ecosistema de <strong>Xiaomi<\/strong>. Se especializa en relojes inteligentes econ\u00f3micos que utilizan la aplicaci\u00f3n <strong>Mibro Fit<\/strong> para la gesti\u00f3n de datos de salud y deporte.<\/p>\n<ul>\n<li>Monitoreo inteligente de la salud<\/li>\n<li>Control continuo de frecuencia card\u00edaca, SpO&amp;8322;, sue\u00f1o, estr\u00e9s y respiraci\u00f3n, con m\u00e9tricas claras para acompa\u00f1ar tu rutina diaria.<\/li>\n<li>Resistente al agua 5ATM<\/li>\n<li>Entrenamiento vers\u00e1til<\/li>\n<li>M\u00e1s de 150 modos deportivos con sensores avanzados para un seguimiento confiable del movimiento y el rendimiento.<\/li>\n<li>GPS integrado multibanda<\/li>\n<li>Compatible con GPS, Beidou, GLONASS, Galileo y QZSS, para registrar recorridos con mayor precisi\u00f3n en actividades al aire libre.<\/li>\n<li>Pantalla AMOLED envolvente<\/li>\n<li>Pantalla AMOLED HD de 1,75\u201d, gran definici\u00f3n y lectura c\u00f3moda en cualquier situaci\u00f3n.<\/li>\n<li>Asistente inteligente<\/li>\n<li>Llamadas Bluetooth, notificaciones inteligentes, control de m\u00fasica y funciones pr\u00e1cticas para mantenerte conectado.<\/li>\n<li>Autonom\u00eda confiable<\/li>\n<li>Hasta 8 d\u00edas de uso diario con gesti\u00f3n eficiente de energ\u00eda.<\/li>\n<li>Correas incluidas: Correa textil\/nylon; Correa de silicona<\/li>\n<li>Garant\u00eda: 6 meses contra defecto de fabricaci\u00f3n<\/li>\n<\/ul>\n<h4><\/h4>\n<h4><span style=\"color: #ff0000;\"><strong>* La garant\u00eda no cubre falla que se pueda dar por un uso intensivo.<\/strong><\/span><\/h4>\n<h5><strong>\u00a0*Las im\u00e1genes son a modo ilustrativo.<\/strong><\/h5>\n","protected":false},"excerpt":{"rendered":"<h3><strong><span style=\"color: #339966;\">$ 3.990\u00a0<\/span>\u00a0<\/strong><\/h3>\n","protected":false},"featured_media":44627,"comment_status":"open","ping_status":"closed","template":"","meta":[],"_links":{"self":[{"href":"https:\/\/www.appoloviracel.com.uy\/index.php\/wp-json\/wp\/v2\/product\/44626"}],"collection":[{"href":"https:\/\/www.appoloviracel.com.uy\/index.php\/wp-json\/wp\/v2\/product"}],"about":[{"href":"https:\/\/www.appoloviracel.com.uy\/index.php\/wp-json\/wp\/v2\/types\/product"}],"replies":[{"embeddable":true,"href":"https:\/\/www.appoloviracel.com.uy\/index.php\/wp-json\/wp\/v2\/comments?post=44626"}],"wp:featuredmedia":[{"embeddable":true,"href":"https:\/\/www.appoloviracel.com.uy\/index.php\/wp-json\/wp\/v2\/media\/44627"}],"wp:attachment":[{"href":"https:\/\/www.appoloviracel.com.uy\/index.php\/wp-json\/wp\/v2\/media?parent=44626"}],"curies":[{"name":"wp","href":"https:\/\/api.w.org\/{rel}","templated":true}]}}