{"id":44621,"date":"2026-02-24T22:14:24","date_gmt":"2026-02-25T01:14:24","guid":{"rendered":"https:\/\/www.appoloviracel.com.uy\/?post_type=product&#038;p=44621"},"modified":"2026-02-24T22:14:25","modified_gmt":"2026-02-25T01:14:25","slug":"smartwatch-xiaomi-mibro-gs-active2","status":"publish","type":"product","link":"https:\/\/www.appoloviracel.com.uy\/index.php\/product\/smartwatch-xiaomi-mibro-gs-active2\/","title":{"rendered":"Smartwatch Xiaomi \u00abMibro GS Active2\u00bb"},"content":{"rendered":"<h2>Caracter\u00edsticas y especificaciones:<\/h2>\n<p>El <strong>Xiaomi Mibro GS Active2<\/strong> es un smartwatch enfocado al rendimiento deportivo, especialmente para corredores, que destaca por su dise\u00f1o ultraligero de <strong>39 gramos<\/strong> y una pantalla AMOLED de alta visibilidad con <strong>1200 nits<\/strong> de brillo. Lanzado a mediados de 2025, forma parte de la l\u00ednea profesional de Mibro (marca del ecosistema Xiaomi) y ofrece mejoras significativas en precisi\u00f3n de GPS y funciones de entrenamiento respecto a su predecesor<\/p>\n<ul>\n<li>Pantalla: Panel AMOLED de 1.32 pulgadas con resoluci\u00f3n de 466 x 466 p\u00edxeles y funci\u00f3n Always-On Display (AOD).<\/li>\n<li>Posicionamiento: GPS de doble frecuencia (L1+L5) que mejora la precisi\u00f3n en un 20% y acelera la fijaci\u00f3n de se\u00f1al satelital. Es compatible con cinco sistemas: GPS, Beidou, GLONASS, Galileo y QZSS.<\/li>\n<li>Autonom\u00eda: La bater\u00eda de 400 mAh ofrece hasta 15-20 d\u00edas de uso diario y aproximadamente 15 horas de seguimiento continuo con GPS activo.<\/li>\n<li>Garant\u00eda: 6 meses contra defecto de fabricaci\u00f3n<\/li>\n<\/ul>\n<h4><\/h4>\n<h4><span style=\"color: #ff0000;\"><strong>* La garant\u00eda no cubre falla que se pueda dar por un uso intensivo.<\/strong><\/span><\/h4>\n<h5><strong>\u00a0*Las im\u00e1genes son a modo ilustrativo.<\/strong><\/h5>\n","protected":false},"excerpt":{"rendered":"<h3><span style=\"color: #339966;\"><strong>$ 4.390\u00a0\u00a0<\/strong><\/span><\/h3>\n","protected":false},"featured_media":44622,"comment_status":"open","ping_status":"closed","template":"","meta":[],"_links":{"self":[{"href":"https:\/\/www.appoloviracel.com.uy\/index.php\/wp-json\/wp\/v2\/product\/44621"}],"collection":[{"href":"https:\/\/www.appoloviracel.com.uy\/index.php\/wp-json\/wp\/v2\/product"}],"about":[{"href":"https:\/\/www.appoloviracel.com.uy\/index.php\/wp-json\/wp\/v2\/types\/product"}],"replies":[{"embeddable":true,"href":"https:\/\/www.appoloviracel.com.uy\/index.php\/wp-json\/wp\/v2\/comments?post=44621"}],"wp:featuredmedia":[{"embeddable":true,"href":"https:\/\/www.appoloviracel.com.uy\/index.php\/wp-json\/wp\/v2\/media\/44622"}],"wp:attachment":[{"href":"https:\/\/www.appoloviracel.com.uy\/index.php\/wp-json\/wp\/v2\/media?parent=44621"}],"curies":[{"name":"wp","href":"https:\/\/api.w.org\/{rel}","templated":true}]}}