{"id":44615,"date":"2026-02-19T13:43:09","date_gmt":"2026-02-19T16:43:09","guid":{"rendered":"https:\/\/www.appoloviracel.com.uy\/?post_type=product&#038;p=44615"},"modified":"2026-02-19T13:43:10","modified_gmt":"2026-02-19T16:43:10","slug":"celular-xiaomi-redmi-note15-4g-256gb-8gb","status":"publish","type":"product","link":"https:\/\/www.appoloviracel.com.uy\/index.php\/product\/celular-xiaomi-redmi-note15-4g-256gb-8gb\/","title":{"rendered":"Celular Xiaomi \u00abRedmi Note15\u00bb 4G (256Gb-8Gb)"},"content":{"rendered":"<h2>Caracter\u00edsticas y especificaciones:<strong>\u00a0<\/strong><\/h2>\n<h4><span style=\"color: #ff0000;\"><strong>Apto para LTE de todas las compa\u00f1\u00edas.<\/strong><\/span><\/h4>\n<p>El <strong>Xiaomi Redmi Note 15 4G<\/strong> cuenta con una pantalla AMOLED de 6.77 pulgadas con tasa de refresco de 120Hz y est\u00e1 potenciado por un procesador Helio G100 Ultra con hasta 8GB de RAM y 256GB de almacenamiento interno. Su c\u00e1mara dual es de 108MP, y se alimenta de una bater\u00eda de 6000 mAh de carga r\u00e1pida, completando sus caracter\u00edsticas con lector de huellas en pantalla, parlantes stereo, y certificaci\u00f3n IP64.<\/p>\n<ul>\n<li>Pantalla: 6.77&#8243;, 1080 * 2392 pixeles<\/li>\n<li>Procesador: Mediatek Helio G100 Ultra 2.2GHz<\/li>\n<li>Memoria RAM: 8GB<\/li>\n<li>Almacenamiento: 256GB<\/li>\n<li>Expansi\u00f3n: microSD<\/li>\n<li>C\u00e1mara: Dual, 108MP+2MP<\/li>\n<li>Bater\u00eda: 6.000 mAh<\/li>\n<li>OS: Android 15<\/li>\n<li>Perfil: 7.9 mm<\/li>\n<li>Peso: 184 grs.<\/li>\n<li>Se incluyen los siguientes accesorios: <strong>Cargador y Manual <\/strong><\/li>\n<li><strong>Garant\u00eda:<\/strong> 12 meses contra defecto de fabricaci\u00f3n<\/li>\n<\/ul>\n<h4><strong>\u00a0<\/strong><\/h4>\n<h4><span style=\"color: #ff0000;\"><strong>Contado efectivo: 10% de Descuento<\/strong><\/span><\/h4>\n<h5><strong>*Las im\u00e1genes son a modo ilustrativo.<\/strong><\/h5>\n","protected":false},"excerpt":{"rendered":"<h3><strong><span style=\"font-family: 'Cambria','serif'; color: #339966;\">U$S 325<\/span><\/strong><\/h3>\n","protected":false},"featured_media":44616,"comment_status":"open","ping_status":"closed","template":"","meta":[],"_links":{"self":[{"href":"https:\/\/www.appoloviracel.com.uy\/index.php\/wp-json\/wp\/v2\/product\/44615"}],"collection":[{"href":"https:\/\/www.appoloviracel.com.uy\/index.php\/wp-json\/wp\/v2\/product"}],"about":[{"href":"https:\/\/www.appoloviracel.com.uy\/index.php\/wp-json\/wp\/v2\/types\/product"}],"replies":[{"embeddable":true,"href":"https:\/\/www.appoloviracel.com.uy\/index.php\/wp-json\/wp\/v2\/comments?post=44615"}],"wp:featuredmedia":[{"embeddable":true,"href":"https:\/\/www.appoloviracel.com.uy\/index.php\/wp-json\/wp\/v2\/media\/44616"}],"wp:attachment":[{"href":"https:\/\/www.appoloviracel.com.uy\/index.php\/wp-json\/wp\/v2\/media?parent=44615"}],"curies":[{"name":"wp","href":"https:\/\/api.w.org\/{rel}","templated":true}]}}