{"id":44593,"date":"2026-02-17T14:42:15","date_gmt":"2026-02-17T17:42:15","guid":{"rendered":"https:\/\/www.appoloviracel.com.uy\/?post_type=product&#038;p=44593"},"modified":"2026-02-18T12:39:02","modified_gmt":"2026-02-18T15:39:02","slug":"celular-tcl-60-nxtpaper-512gb-y-810gb","status":"publish","type":"product","link":"https:\/\/www.appoloviracel.com.uy\/index.php\/product\/celular-tcl-60-nxtpaper-512gb-y-810gb\/","title":{"rendered":"Celular TCL \u00ab60 NXTPAPER\u00bb (512Gb y 8+10Gb)"},"content":{"rendered":"<h2>Caracter\u00edsticas y especificaciones:<\/h2>\n<p>El <strong>TCL 60 NXTPAPER<\/strong> cuenta con una pantalla de 6.8 pulgadas con tasa de refresco de 90Hz. Potenciado por un procesador Helio G92 con 8GB de RAM y hasta 512GB de almacenamiento, el TCL 60 NXTPAPER cuenta con una c\u00e1mara dual de 108MP, parlantes stereo, lector de huellas lateral, bater\u00eda de 5.200 mAh de carga r\u00e1pida y corre Android 15.<\/p>\n<ul>\n<li>Pantalla: 6.8&#8243;, 1080 * 2460 pixeles<\/li>\n<li>Procesador: Mediatek Helio G92 2GHz<\/li>\n<li>Expansi\u00f3n: microSD<\/li>\n<li>Memoria RAM: 8GB + 10Gb<\/li>\n<li>Almacenamiento: 512GB<\/li>\n<li>C\u00e1mara: Dual, 108MP+2MP<\/li>\n<li>Bater\u00eda: 5.200 mAh<\/li>\n<li>OS: Android 15<\/li>\n<li>Perfil: 7.9 mm<\/li>\n<li>Peso: 190 grs.<\/li>\n<li>Se incluyen los siguientes accesorios: <strong>Cargador y Manual<\/strong><\/li>\n<li><strong>Garant\u00eda:<\/strong> 12 meses contra defecto de fabricaci\u00f3n<\/li>\n<\/ul>\n<p>&nbsp;<\/p>\n<h4><span style=\"color: #ff0000;\"><strong>Contado efectivo: 10% de Descuento<\/strong><\/span><\/h4>\n<h5><strong>*Las im\u00e1genes son a modo ilustrativo.<\/strong><\/h5>\n","protected":false},"excerpt":{"rendered":"<h3><span style=\"color: #339966;\"><strong>U$S 265<\/strong><\/span><\/h3>\n","protected":false},"featured_media":44594,"comment_status":"open","ping_status":"closed","template":"","meta":[],"_links":{"self":[{"href":"https:\/\/www.appoloviracel.com.uy\/index.php\/wp-json\/wp\/v2\/product\/44593"}],"collection":[{"href":"https:\/\/www.appoloviracel.com.uy\/index.php\/wp-json\/wp\/v2\/product"}],"about":[{"href":"https:\/\/www.appoloviracel.com.uy\/index.php\/wp-json\/wp\/v2\/types\/product"}],"replies":[{"embeddable":true,"href":"https:\/\/www.appoloviracel.com.uy\/index.php\/wp-json\/wp\/v2\/comments?post=44593"}],"wp:featuredmedia":[{"embeddable":true,"href":"https:\/\/www.appoloviracel.com.uy\/index.php\/wp-json\/wp\/v2\/media\/44594"}],"wp:attachment":[{"href":"https:\/\/www.appoloviracel.com.uy\/index.php\/wp-json\/wp\/v2\/media?parent=44593"}],"curies":[{"name":"wp","href":"https:\/\/api.w.org\/{rel}","templated":true}]}}