{"id":44574,"date":"2026-02-16T14:47:07","date_gmt":"2026-02-16T17:47:07","guid":{"rendered":"https:\/\/www.appoloviracel.com.uy\/?post_type=product&#038;p=44574"},"modified":"2026-03-26T21:56:40","modified_gmt":"2026-03-27T00:56:40","slug":"parlante-jbl-bombox-4-bluetooth","status":"publish","type":"product","link":"https:\/\/www.appoloviracel.com.uy\/index.php\/product\/parlante-jbl-bombox-4-bluetooth\/","title":{"rendered":"Parlante JBL \u00abBombox 4\u00bb (Bluetooth)"},"content":{"rendered":"<h2>Caracter\u00edsticas y especificaciones:<\/h2>\n<p>El JBL Boombox 4 es un parlante Bluetooth 5.4 port\u00e1til de alto rendimiento, destacado por ofrecer hasta 210W de potencia, certificaci\u00f3n IP68 (resistente al agua\/polvo) y una bater\u00eda intercambiable con hasta 34 horas de reproducci\u00f3n. Incorpora tecnolog\u00eda AI Sound Boost para optimizar graves y una bater\u00eda que puede actuar como power bank.<\/p>\n<ul>\n<li>Sonido Potente: Sistema de parlantes renovado con tecnolog\u00eda AI Sound Boost que optimiza el audio, reduciendo la distorsi\u00f3n a vol\u00famenes altos.<\/li>\n<li>Conectividad Avanzada: Utiliza Bluetooth 5.4, compatible con la tecnolog\u00eda Auracast para conectar m\u00faltiples parlantes JBL.<\/li>\n<li>Bater\u00eda de Larga Duraci\u00f3n: Ofrece hasta 34 horas de reproducci\u00f3n total (28h normales + 6h con modo ahorro). La bater\u00eda es extra\u00edble y compatible con la serie Partybox 520.<\/li>\n<li>Dise\u00f1o Duradero: Certificaci\u00f3n IP68, lo que lo hace completamente sumergible y resistente al polvo. Incorpora gomas antiderrapantes y un asa de transporte m\u00e1s robusta.<\/li>\n<li>Modos de Bajo: Permite alternar entre dos modos de graves: profundo (\u00abdeep\u00bb, indicador naranja) e intenso (\u00abpunchy\u00bb, indicador blanco).<\/li>\n<li>Potencia: 210 W RMS al estar enchufado a la corriente y 180 W RMS con bater\u00eda.<\/li>\n<\/ul>\n<h5><strong>\u00a0<\/strong><\/h5>\n<h5><strong>*Las im\u00e1genes son a modo ilustrativo.<\/strong><\/h5>\n","protected":false},"excerpt":{"rendered":"<h3><strong><span style=\"font-family: 'Cambria','serif'; color: #339966;\">$ 24.590<\/span><\/strong><\/h3>\n","protected":false},"featured_media":44575,"comment_status":"open","ping_status":"closed","template":"","meta":[],"_links":{"self":[{"href":"https:\/\/www.appoloviracel.com.uy\/index.php\/wp-json\/wp\/v2\/product\/44574"}],"collection":[{"href":"https:\/\/www.appoloviracel.com.uy\/index.php\/wp-json\/wp\/v2\/product"}],"about":[{"href":"https:\/\/www.appoloviracel.com.uy\/index.php\/wp-json\/wp\/v2\/types\/product"}],"replies":[{"embeddable":true,"href":"https:\/\/www.appoloviracel.com.uy\/index.php\/wp-json\/wp\/v2\/comments?post=44574"}],"wp:featuredmedia":[{"embeddable":true,"href":"https:\/\/www.appoloviracel.com.uy\/index.php\/wp-json\/wp\/v2\/media\/44575"}],"wp:attachment":[{"href":"https:\/\/www.appoloviracel.com.uy\/index.php\/wp-json\/wp\/v2\/media?parent=44574"}],"curies":[{"name":"wp","href":"https:\/\/api.w.org\/{rel}","templated":true}]}}