{"id":44573,"date":"2026-02-13T14:36:36","date_gmt":"2026-02-13T17:36:36","guid":{"rendered":"https:\/\/www.appoloviracel.com.uy\/?post_type=product&#038;p=44573"},"modified":"2026-03-26T21:55:54","modified_gmt":"2026-03-27T00:55:54","slug":"celular-xiaomi-redmi-15c-5g-128gb-4gb","status":"publish","type":"product","link":"https:\/\/www.appoloviracel.com.uy\/index.php\/product\/celular-xiaomi-redmi-15c-5g-128gb-4gb\/","title":{"rendered":"Celular Xiaomi \u00abRedmi 15c\u00bb 5G (128Gb-4Gb)"},"content":{"rendered":"<h2>Caracter\u00edsticas y especificaciones:<strong>\u00a0<\/strong><\/h2>\n<h4><span style=\"color: #ff0000;\"><strong>Apto para LTE de todas las compa\u00f1\u00edas.<\/strong><\/span><\/h4>\n<p>El <strong>Xiaomi Redmi 15C 5G<\/strong> est\u00e1 potenciado por un procesador Dimensity 6300 con 4GB de RAM y hasta 128GB de almacenamiento interno. Tiene una pantalla HD+ de 6.9 pulgadas con tasa de refresco de 120Hz, c\u00e1mara dual de 50MP, certificaci\u00f3n IP64, lector de huellas y una bater\u00eda de 6000 mAh con soporte para carga r\u00e1pida.<\/p>\n<ul>\n<li>Pantalla: 6.9&#8243;, 720 * 1600 pixeles<\/li>\n<li>Procesador: Mediatek Dimensity 6300 2.4GHz<\/li>\n<li>Memoria RAM: 4GB<\/li>\n<li>Almacenamiento: 128GB<\/li>\n<li>Expansi\u00f3n: microSD<\/li>\n<li>C\u00e1mara: Dual, 50MP+Aux<\/li>\n<li>Bater\u00eda: 6.000 mAh<\/li>\n<li>OS: Android 15<\/li>\n<li>Perfil: 8.2 mm<\/li>\n<li>Peso: 211 grs.<\/li>\n<li>Se incluyen los siguientes accesorios: <strong>Cargador y Manual<\/strong><\/li>\n<li><strong>Garant\u00eda:<\/strong> 12 meses contra defecto de fabricaci\u00f3n<\/li>\n<\/ul>\n<p>&nbsp;<\/p>\n<h4><span style=\"color: #ff0000;\"><strong>Contado efectivo: 10% de Descuento<\/strong><\/span><\/h4>\n<h5><strong>*Las im\u00e1genes son a modo ilustrativo.<\/strong><\/h5>\n","protected":false},"excerpt":{"rendered":"<h3><strong><span style=\"font-family: 'Cambria','serif'; color: green;\">U$S 199<\/span><\/strong><\/h3>\n","protected":false},"featured_media":44286,"comment_status":"open","ping_status":"closed","template":"","meta":[],"_links":{"self":[{"href":"https:\/\/www.appoloviracel.com.uy\/index.php\/wp-json\/wp\/v2\/product\/44573"}],"collection":[{"href":"https:\/\/www.appoloviracel.com.uy\/index.php\/wp-json\/wp\/v2\/product"}],"about":[{"href":"https:\/\/www.appoloviracel.com.uy\/index.php\/wp-json\/wp\/v2\/types\/product"}],"replies":[{"embeddable":true,"href":"https:\/\/www.appoloviracel.com.uy\/index.php\/wp-json\/wp\/v2\/comments?post=44573"}],"wp:featuredmedia":[{"embeddable":true,"href":"https:\/\/www.appoloviracel.com.uy\/index.php\/wp-json\/wp\/v2\/media\/44286"}],"wp:attachment":[{"href":"https:\/\/www.appoloviracel.com.uy\/index.php\/wp-json\/wp\/v2\/media?parent=44573"}],"curies":[{"name":"wp","href":"https:\/\/api.w.org\/{rel}","templated":true}]}}