{"id":44568,"date":"2026-02-13T13:49:15","date_gmt":"2026-02-13T16:49:15","guid":{"rendered":"https:\/\/www.appoloviracel.com.uy\/?post_type=product&#038;p=44568"},"modified":"2026-03-25T14:28:53","modified_gmt":"2026-03-25T17:28:53","slug":"auricular-jbl-quantum-350-bluetooth","status":"publish","type":"product","link":"https:\/\/www.appoloviracel.com.uy\/index.php\/product\/auricular-jbl-quantum-350-bluetooth\/","title":{"rendered":"Auricular JBL \u00abQuantum 350\u00bb (Bluetooth)"},"content":{"rendered":"<h2>Caracter\u00edsticas y especificaciones:<\/h2>\n<ul>\n<li>Dise\u00f1ado para los jugadores de PC y consolas, la nueva incorporaci\u00f3n a la serie JBL Quantum, repleta en funciones.<\/li>\n<li>Cuando se trata de conseguir la m\u00e1xima puntuaci\u00f3n, cada sonido es importante. La firma QuantumSOUND de JBL y el envolvente JBL QuantumSURROUND te transportan a la batalla. Los JBL Quantum 350 Wireless, con certificaci\u00f3n DISCORD, tambi\u00e9n cuentan con un micr\u00f3fono de brazo direccional desmontable con enfoque de voz. No importa lo complicada que se ponga la partida, tus llamadas de apoyo o los gritos por las victorias conseguidas siempre se oir\u00e1n.<\/li>\n<li>Tu compa\u00f1ero de equipo para la partida m\u00e1s larga; Con la conexi\u00f3n inal\u00e1mbrica 2.4G y la bater\u00eda de 22 horas de duraci\u00f3n, nunca m\u00e1s perder\u00e1s un momento. Las ligeras almohadillas de espuma con memoria de los JBL Quantum 350 Wireless mantienen la frescura y la comodidad. \u00bfNecesitas recargar? La carga r\u00e1pida por USB-C ofrece 1 hora de reproducci\u00f3n con solo 5 minutos de carga, y la funci\u00f3n <em>Power &amp; Play<\/em> permite la carga durante el juego, para que no te pierdas nada.<\/li>\n<\/ul>\n<p>&nbsp;<\/p>\n<ul>\n<li>Conectividad: 2,4 GHz.<\/li>\n<li>Frecuencia: 20 Hz \u2013 20 kHz.<\/li>\n<li>Driver: 40 mm.<\/li>\n<li>Sensibilidad del Driver: 115 dB SPL (a 1 kHz \/ 1 mW).<\/li>\n<li>Impedancia: 32 ohm.<\/li>\n<li>Frecuencia del Micr\u00f3fono: 100 Hz \u2013 10 kHz.<\/li>\n<li>Sensibilidad del Micr\u00f3fono: -42 dBV a 1 kHz dB\/Pa<strong>.<\/strong><\/li>\n<\/ul>\n<h5><strong>\u00a0<\/strong><\/h5>\n<h5><strong>*Las im\u00e1genes son a modo ilustrativo.<\/strong><\/h5>\n","protected":false},"excerpt":{"rendered":"<h3><strong><span style=\"font-family: 'Cambria','serif'; color: #339966;\">$ 4.890<\/span><\/strong><\/h3>\n","protected":false},"featured_media":44569,"comment_status":"open","ping_status":"closed","template":"","meta":[],"_links":{"self":[{"href":"https:\/\/www.appoloviracel.com.uy\/index.php\/wp-json\/wp\/v2\/product\/44568"}],"collection":[{"href":"https:\/\/www.appoloviracel.com.uy\/index.php\/wp-json\/wp\/v2\/product"}],"about":[{"href":"https:\/\/www.appoloviracel.com.uy\/index.php\/wp-json\/wp\/v2\/types\/product"}],"replies":[{"embeddable":true,"href":"https:\/\/www.appoloviracel.com.uy\/index.php\/wp-json\/wp\/v2\/comments?post=44568"}],"wp:featuredmedia":[{"embeddable":true,"href":"https:\/\/www.appoloviracel.com.uy\/index.php\/wp-json\/wp\/v2\/media\/44569"}],"wp:attachment":[{"href":"https:\/\/www.appoloviracel.com.uy\/index.php\/wp-json\/wp\/v2\/media?parent=44568"}],"curies":[{"name":"wp","href":"https:\/\/api.w.org\/{rel}","templated":true}]}}