{"id":44560,"date":"2026-02-12T18:50:08","date_gmt":"2026-02-12T21:50:08","guid":{"rendered":"https:\/\/www.appoloviracel.com.uy\/?post_type=product&#038;p=44560"},"modified":"2026-03-25T14:28:10","modified_gmt":"2026-03-25T17:28:10","slug":"lentes-para-sol-jbl-soundgear-frames-bluetooth","status":"publish","type":"product","link":"https:\/\/www.appoloviracel.com.uy\/index.php\/product\/lentes-para-sol-jbl-soundgear-frames-bluetooth\/","title":{"rendered":"Lentes para sol JBL \u00abSoundgear Frames\u00bb (Bluetooth)"},"content":{"rendered":"<h2>Caracter\u00edsticas y especificaciones:<\/h2>\n<p><strong>\u00a0<\/strong>Los lentes JBL a los que se refiere son probablemente las <strong>JBL Soundgear Frames<\/strong>, que combinan la funcionalidad de gafas de sol con altavoces Bluetooth integrados y tecnolog\u00eda de sonido abierto (OpenSound).<\/p>\n<h5><strong>\u00b7\u00a0\u00a0\u00a0\u00a0\u00a0\u00a0\u00a0 <\/strong><strong>Tecnolog\u00eda OpenSound: <\/strong><\/h5>\n<p><strong>Utilizan altavoces rectangulares ultrafinos integrados en las patillas que dirigen el sonido hacia tus o\u00eddos, permiti\u00e9ndote disfrutar de m\u00fasica y llamadas mientras sigues consciente de tu entorno.<\/strong><\/p>\n<h5><strong>\u00b7\u00a0\u00a0\u00a0\u00a0\u00a0\u00a0\u00a0 <\/strong><strong>Llamadas N\u00edtidas: <\/strong><\/h5>\n<p><strong>Cuentan con una matriz avanzada de dos micr\u00f3fonos con tecnolog\u00eda de conformaci\u00f3n de haces y cancelaci\u00f3n de ruido ambiental, lo que garantiza conversaciones claras y sin eco.<\/strong><\/p>\n<h5><strong>\u00b7\u00a0\u00a0\u00a0\u00a0\u00a0\u00a0\u00a0 <\/strong><strong>Bater\u00eda Duradera: <\/strong><\/h5>\n<p><strong>Ofrecen hasta 8 horas de reproducci\u00f3n de audio y llamadas, con una carga r\u00e1pida de 10 minutos que proporciona 2 horas adicionales de uso.<\/strong><\/p>\n<h5><strong>\u00b7\u00a0\u00a0\u00a0\u00a0\u00a0\u00a0\u00a0 <\/strong><strong>Resistencia y Comodidad: <\/strong><\/h5>\n<p><strong>Son ligeros, c\u00f3modos para usar todo el d\u00eda y cuentan con certificaci\u00f3n IP54 de resistencia al agua y al polvo, lo que los hace adecuados para actividades al aire libre.<\/strong><\/p>\n<h5><strong>\u00b7\u00a0\u00a0\u00a0\u00a0\u00a0\u00a0\u00a0 <\/strong><strong>Personalizaci\u00f3n: <\/strong><\/h5>\n<p><strong>Mediante la aplicaci\u00f3n JBL Headphones, puedes personalizar los ajustes de ecualizaci\u00f3n (EQ) y los controles t\u00e1ctiles ubicados en el logotipo de JBL en las patillas.<\/strong><\/p>\n<h5><strong>\u00b7\u00a0\u00a0\u00a0\u00a0\u00a0\u00a0\u00a0 <\/strong><strong>Lentes Intercambiables: <\/strong><\/h5>\n<p><strong>Las lentes semitransparentes tienen bloqueo UV A\/B y pueden ser reemplazadas por lentes graduadas por un \u00f3ptico profesional si es necesario.<\/strong><\/p>\n<p>&nbsp;<\/p>\n<h5><strong>*Las im\u00e1genes son a modo ilustrativo.<\/strong><\/h5>\n","protected":false},"excerpt":{"rendered":"<h3><strong><span style=\"font-family: 'Cambria','serif'; color: #339966;\">$ 6.690<\/span><\/strong><\/h3>\n","protected":false},"featured_media":44561,"comment_status":"open","ping_status":"closed","template":"","meta":[],"_links":{"self":[{"href":"https:\/\/www.appoloviracel.com.uy\/index.php\/wp-json\/wp\/v2\/product\/44560"}],"collection":[{"href":"https:\/\/www.appoloviracel.com.uy\/index.php\/wp-json\/wp\/v2\/product"}],"about":[{"href":"https:\/\/www.appoloviracel.com.uy\/index.php\/wp-json\/wp\/v2\/types\/product"}],"replies":[{"embeddable":true,"href":"https:\/\/www.appoloviracel.com.uy\/index.php\/wp-json\/wp\/v2\/comments?post=44560"}],"wp:featuredmedia":[{"embeddable":true,"href":"https:\/\/www.appoloviracel.com.uy\/index.php\/wp-json\/wp\/v2\/media\/44561"}],"wp:attachment":[{"href":"https:\/\/www.appoloviracel.com.uy\/index.php\/wp-json\/wp\/v2\/media?parent=44560"}],"curies":[{"name":"wp","href":"https:\/\/api.w.org\/{rel}","templated":true}]}}