{"id":44543,"date":"2026-01-17T10:47:27","date_gmt":"2026-01-17T13:47:27","guid":{"rendered":"https:\/\/www.appoloviracel.com.uy\/?post_type=product&#038;p=44543"},"modified":"2026-03-04T12:27:45","modified_gmt":"2026-03-04T15:27:45","slug":"celular-honor-play-9c-256gb-6gb","status":"publish","type":"product","link":"https:\/\/www.appoloviracel.com.uy\/index.php\/product\/celular-honor-play-9c-256gb-6gb\/","title":{"rendered":"Celular Honor \u00abPlay 9C\u00bb (256Gb-6Gb)"},"content":{"rendered":"<h2>Caracter\u00edsticas y especificaciones:<\/h2>\n<p>El Honor Play 9C es un smartphone de gama media enfocado en la duraci\u00f3n de la bater\u00eda y rendimiento, destacando por su pantalla de alta tasa de refresco (90\/120Hz), procesador MediaTek (Dimensity 6100+ o Helio G81 Ultra), gran autonom\u00eda (5.300 mAh) con carga r\u00e1pida de 35W, y c\u00e1mara principal de 50MP con IA, ofreciendo un balance entre caracter\u00edsticas y precio accesible, con variantes de RAM\/Almacenamiento y funciones como bot\u00f3n lateral inteligente y resistencia a salpicaduras<\/p>\n<ul>\n<li>\u00a0Pantalla: 6.56&#8243; o 6.61&#8243; IPS LCD, HD+, 90Hz o hasta 120Hz.<\/li>\n<li>Procesador: MediaTek Dimensity 6100+ o Helio G81 Ultra.<\/li>\n<li>Memoria: Variantes de 6GB RAM y 256GB Almacenamiento (expandible).<\/li>\n<li>C\u00e1maras: Trasera de 50MP (con IA para edici\u00f3n) y Frontal de 5MP.<\/li>\n<li>Bater\u00eda: 5.300 mAh con carga r\u00e1pida de 35W.<\/li>\n<li>Sistema Operativo: Android 14 \/ MagicOS (con IA).<\/li>\n<li>Extras: Bot\u00f3n lateral inteligente, resistencia IP54 (salpicaduras), jack de auriculares, sensor de huella lateral.<\/li>\n<li>Se incluyen los siguientes accesorios: <strong>Cargador y Manual<\/strong><\/li>\n<li><strong>Garant\u00eda:<\/strong> 12 meses contra defecto de fabricaci\u00f3n<\/li>\n<\/ul>\n<p>&nbsp;<\/p>\n<h3><span style=\"color: #ff0000;\"><strong>Contado efectivo: 10% de Descuento<\/strong><\/span><\/h3>\n<h5><strong>*Las im\u00e1genes son a modo ilustrativo.<\/strong><\/h5>\n","protected":false},"excerpt":{"rendered":"<h3><strong><span style=\"font-family: 'Cambria','serif'; color: #339966;\">U$S 179<\/span><\/strong><\/h3>\n","protected":false},"featured_media":44544,"comment_status":"open","ping_status":"closed","template":"","meta":[],"_links":{"self":[{"href":"https:\/\/www.appoloviracel.com.uy\/index.php\/wp-json\/wp\/v2\/product\/44543"}],"collection":[{"href":"https:\/\/www.appoloviracel.com.uy\/index.php\/wp-json\/wp\/v2\/product"}],"about":[{"href":"https:\/\/www.appoloviracel.com.uy\/index.php\/wp-json\/wp\/v2\/types\/product"}],"replies":[{"embeddable":true,"href":"https:\/\/www.appoloviracel.com.uy\/index.php\/wp-json\/wp\/v2\/comments?post=44543"}],"wp:featuredmedia":[{"embeddable":true,"href":"https:\/\/www.appoloviracel.com.uy\/index.php\/wp-json\/wp\/v2\/media\/44544"}],"wp:attachment":[{"href":"https:\/\/www.appoloviracel.com.uy\/index.php\/wp-json\/wp\/v2\/media?parent=44543"}],"curies":[{"name":"wp","href":"https:\/\/api.w.org\/{rel}","templated":true}]}}