{"id":4454,"date":"2021-03-09T23:30:15","date_gmt":"2021-03-10T02:30:15","guid":{"rendered":"https:\/\/www.appoloviracel.com.uy\/?post_type=product&#038;p=4454"},"modified":"2021-04-15T20:15:31","modified_gmt":"2021-04-15T23:15:31","slug":"pendrive-philips-32gb","status":"publish","type":"product","link":"https:\/\/www.appoloviracel.com.uy\/index.php\/product\/pendrive-philips-32gb\/","title":{"rendered":"Pendrive \u00abPhilips\u00bb 32Gb"},"content":{"rendered":"<h4>Caracter\u00edsticas y especificaciones:<\/h4>\n<p>Dispositivo de f\u00e1cil conexi\u00f3n. La vistosa unidad flash USB edici\u00f3n Snow de Philips facilita enormemente la tarea diaria de almacenar y compartir archivos, fotos y m\u00fasica, y la hace accesible.<\/p>\n<p>Cuando se trata de almacenar archivos multimedia, la velocidad de transferencia de datos es un factor de gran importancia. Las memorias USB de la Serie Snow USB 3.0 de Philips incrementan dicha velocidad ya que utilizan un puerto USB 3.0.<\/p>\n<h5><strong>*Las im\u00e1genes son a modo ilustrativo.<\/strong><\/h5>\n","protected":false},"excerpt":{"rendered":"<h3><span style=\"color: #ff0000;\"><strong>*Consultar precio<\/strong><\/span><\/h3>\n<h5><strong>\u00abArt\u00edculo sujeto a stock\u00bb<\/strong><\/h5>\n<h3><strong><span style=\"color: #339966;\"><br \/>\n<\/span> <\/strong><\/h3>\n","protected":false},"featured_media":4455,"comment_status":"open","ping_status":"closed","template":"","meta":[],"_links":{"self":[{"href":"https:\/\/www.appoloviracel.com.uy\/index.php\/wp-json\/wp\/v2\/product\/4454"}],"collection":[{"href":"https:\/\/www.appoloviracel.com.uy\/index.php\/wp-json\/wp\/v2\/product"}],"about":[{"href":"https:\/\/www.appoloviracel.com.uy\/index.php\/wp-json\/wp\/v2\/types\/product"}],"replies":[{"embeddable":true,"href":"https:\/\/www.appoloviracel.com.uy\/index.php\/wp-json\/wp\/v2\/comments?post=4454"}],"wp:featuredmedia":[{"embeddable":true,"href":"https:\/\/www.appoloviracel.com.uy\/index.php\/wp-json\/wp\/v2\/media\/4455"}],"wp:attachment":[{"href":"https:\/\/www.appoloviracel.com.uy\/index.php\/wp-json\/wp\/v2\/media?parent=4454"}],"curies":[{"name":"wp","href":"https:\/\/api.w.org\/{rel}","templated":true}]}}