{"id":44523,"date":"2026-01-07T14:53:14","date_gmt":"2026-01-07T17:53:14","guid":{"rendered":"https:\/\/www.appoloviracel.com.uy\/?post_type=product&#038;p=44523"},"modified":"2026-04-20T18:43:20","modified_gmt":"2026-04-20T21:43:20","slug":"auricular-xiaomi-redmi-buds-6-play-bluetooth","status":"publish","type":"product","link":"https:\/\/www.appoloviracel.com.uy\/index.php\/product\/auricular-xiaomi-redmi-buds-6-play-bluetooth\/","title":{"rendered":"Auricular Xiaomi \u00abRedmi Buds 6 Play\u00bb (Bluetooth)"},"content":{"rendered":"<h2>Caracter\u00edsticas y especificaciones:<\/h2>\n<p>Los auriculares Xiaomi Redmi Buds 6 Play est\u00e1n dise\u00f1ados para ofrecer comodidad y funcionalidad en un formato compacto y ergon\u00f3mico. Equipados con un micr\u00f3fono incorporado, permiten realizar llamadas claras y n\u00edtidas. La conectividad Bluetooth 5.3 garantiza una conexi\u00f3n estable y r\u00e1pida con otros dispositivos, con un alcance de hasta 10 metros. Estos auriculares ofrecen una duraci\u00f3n de bater\u00eda de aproximadamente 10 horas, brindando una experiencia de audio prolongada sin interrupciones, ideal para uso diario.<\/p>\n<ul>\n<li>Modelo: Redmi Buds 6 Play (M2420E1)<\/li>\n<li>Tipo de auricular: In-ear tipo grano de frijol<\/li>\n<li>Control t\u00e1ctil: S\u00ed<\/li>\n<li>Conectividad: Bluetooth 5.4<\/li>\n<li>Protocolos Bluetooth: Low Energy \/ HFP \/ A2DP \/ AVRCP<\/li>\n<li>Rango de frecuencia: 20 Hz \u2013 20 kHz<\/li>\n<li>Impedancia del altavoz: 16 \u03a9<\/li>\n<li>Potencia nominal: 5 mW<\/li>\n<li>Potencia m\u00e1xima: 10 mW<\/li>\n<li>Peso de cada auricular: 3.6 grs.<\/li>\n<li>Dimensiones de cada auricular: 20.6 * 14.5 * 22 mm<\/li>\n<li>Peso del estuche de carga: 32.8 grs.<\/li>\n<li>Dimensiones del estuche de carga: 53.9 * 53.9 * 27.4 mm<\/li>\n<li>Peso total (auriculares + estuche): 40.0 g<\/li>\n<li>Capacidad de la bater\u00eda de los auriculares: 57 mAh<\/li>\n<li>Capacidad de la bater\u00eda del estuche de carga: 600 mAh<\/li>\n<li>Puerto de carga: Tipo-C<\/li>\n<li>Entrada de los auriculares: 5V \/ 170 mA<\/li>\n<li>Entrada del estuche de carga: 5V \/ 800 mA<\/li>\n<li>Salida del estuche de carga: 5V \/ 340 mA<\/li>\n<li>Rango de comunicaci\u00f3n: Hasta 10 m en espacios abiertos sin obst\u00e1culos<\/li>\n<li>Temperatura de funcionamiento: 0 \u00b0C \u2013 45 \u00b0C<\/li>\n<li>Frecuencia de operaci\u00f3n: 2.4 GHz \u2013 2.4835 GHz<\/li>\n<li>Potencia m\u00e1xima de transmisi\u00f3n: &lt; 13 dBm<\/li>\n<li>Aplicaci\u00f3n compatible: Xiaomi Earbuds (para ajustes de ecualizaci\u00f3n y personalizaci\u00f3n)<\/li>\n<\/ul>\n<p>&nbsp;<\/p>\n<h5><strong>*Las im\u00e1genes son a modo ilustrativo<\/strong><\/h5>\n","protected":false},"excerpt":{"rendered":"<h3><span style=\"color: #339966;\"><strong>$ 850,-<\/strong><\/span><\/h3>\n","protected":false},"featured_media":44524,"comment_status":"open","ping_status":"closed","template":"","meta":[],"_links":{"self":[{"href":"https:\/\/www.appoloviracel.com.uy\/index.php\/wp-json\/wp\/v2\/product\/44523"}],"collection":[{"href":"https:\/\/www.appoloviracel.com.uy\/index.php\/wp-json\/wp\/v2\/product"}],"about":[{"href":"https:\/\/www.appoloviracel.com.uy\/index.php\/wp-json\/wp\/v2\/types\/product"}],"replies":[{"embeddable":true,"href":"https:\/\/www.appoloviracel.com.uy\/index.php\/wp-json\/wp\/v2\/comments?post=44523"}],"wp:featuredmedia":[{"embeddable":true,"href":"https:\/\/www.appoloviracel.com.uy\/index.php\/wp-json\/wp\/v2\/media\/44524"}],"wp:attachment":[{"href":"https:\/\/www.appoloviracel.com.uy\/index.php\/wp-json\/wp\/v2\/media?parent=44523"}],"curies":[{"name":"wp","href":"https:\/\/api.w.org\/{rel}","templated":true}]}}