{"id":44490,"date":"2025-12-19T14:31:09","date_gmt":"2025-12-19T17:31:09","guid":{"rendered":"https:\/\/www.appoloviracel.com.uy\/?post_type=product&#038;p=44490"},"modified":"2026-02-18T14:25:44","modified_gmt":"2026-02-18T17:25:44","slug":"auricular-jbl-tune-310c-usb-c-intrauditivo","status":"publish","type":"product","link":"https:\/\/www.appoloviracel.com.uy\/index.php\/product\/auricular-jbl-tune-310c-usb-c-intrauditivo\/","title":{"rendered":"Auricular JBL \u00abTune 310C\u00bb USB-C (Intrauditivo)"},"content":{"rendered":"<h2>Caracter\u00edsticas y especificaciones:<\/h2>\n<p>Los auriculares <strong>JBL Tune 310C USB-C<\/strong> son un modelo intraaural con cable que destaca por su sonido <strong>JBL Pure Bass<\/strong> y compatibilidad con <strong>audio de alta resoluci\u00f3n<\/strong>, dise\u00f1ado para dispositivos con conexi\u00f3n USB-C<\/p>\n<ul>\n<li><strong>Sonido JBL Pure Bass<\/strong>: Ofrecen graves profundos y potentes, una caracter\u00edstica distintiva de la marca.<\/li>\n<li><strong>Audio de Alta Resoluci\u00f3n<\/strong>: Compatibilidad con Hi-Res Audio, lo que garantiza una calidad de sonido clara y detallada con un amplio rango de frecuencias.<\/li>\n<li><strong>Conectividad USB-C<\/strong>: Dise\u00f1ados para una amplia gama de dispositivos modernos, incluyendo PC, tel\u00e9fonos m\u00f3viles y consolas de videojuegos con puerto USB-C (se recomienda verificar la compatibilidad con tu dispositivo espec\u00edfico).<\/li>\n<li><strong>Control y Micr\u00f3fono Integrados<\/strong>: Cuentan con un control remoto de tres botones en el cable que permite gestionar la reproducci\u00f3n de m\u00fasica, el volumen, los preajustes del ecualizador (Default, Bass o Vocal) y responder llamadas gracias a su micr\u00f3fono incorporado.<\/li>\n<li><strong>Cable Plano Antienredos<\/strong>: El cable plano y duradero est\u00e1 dise\u00f1ado para evitar enredos, facilitando su transporte y uso diario.<\/li>\n<li><strong>Comodidad<\/strong>: Son ligeros y compactos, e incluyen tres tama\u00f1os de almohadillas para un ajuste c\u00f3modo y seguro<\/li>\n<\/ul>\n<p>&nbsp;<\/p>\n<h5><strong>*Las im\u00e1genes son a modo ilustrativo.<\/strong><\/h5>\n","protected":false},"excerpt":{"rendered":"<h3><span style=\"color: #339966;\"><strong>$ 1.090<\/strong><\/span><\/h3>\n","protected":false},"featured_media":44495,"comment_status":"open","ping_status":"closed","template":"","meta":[],"_links":{"self":[{"href":"https:\/\/www.appoloviracel.com.uy\/index.php\/wp-json\/wp\/v2\/product\/44490"}],"collection":[{"href":"https:\/\/www.appoloviracel.com.uy\/index.php\/wp-json\/wp\/v2\/product"}],"about":[{"href":"https:\/\/www.appoloviracel.com.uy\/index.php\/wp-json\/wp\/v2\/types\/product"}],"replies":[{"embeddable":true,"href":"https:\/\/www.appoloviracel.com.uy\/index.php\/wp-json\/wp\/v2\/comments?post=44490"}],"wp:featuredmedia":[{"embeddable":true,"href":"https:\/\/www.appoloviracel.com.uy\/index.php\/wp-json\/wp\/v2\/media\/44495"}],"wp:attachment":[{"href":"https:\/\/www.appoloviracel.com.uy\/index.php\/wp-json\/wp\/v2\/media?parent=44490"}],"curies":[{"name":"wp","href":"https:\/\/api.w.org\/{rel}","templated":true}]}}