{"id":44483,"date":"2025-12-18T17:55:16","date_gmt":"2025-12-18T20:55:16","guid":{"rendered":"https:\/\/www.appoloviracel.com.uy\/?post_type=product&#038;p=44483"},"modified":"2026-02-27T15:55:04","modified_gmt":"2026-02-27T18:55:04","slug":"monopatin-electrico-proove-x-city-pro-max","status":"publish","type":"product","link":"https:\/\/www.appoloviracel.com.uy\/index.php\/product\/monopatin-electrico-proove-x-city-pro-max\/","title":{"rendered":"Monopat\u00edn El\u00e9ctrico Proove \u00abX-City Pro Max\u00bb"},"content":{"rendered":"<h2>Caracter\u00edsticas y especificaciones:<strong>\u00a0<\/strong><\/h2>\n<p>El monopat\u00edn el\u00e9ctrico <strong>Proove X-City Pro Max<\/strong> es un modelo potente dise\u00f1ado para la movilidad urbana, con un motor de <strong>550 W<\/strong>, velocidad m\u00e1xima de <strong>40 km\/h<\/strong> y una autonom\u00eda de hasta <strong>60 km<\/strong>.<\/p>\n<ul>\n<li>Potencia del motor: 550 W<\/li>\n<li>Velocidad m\u00e1xima: Hasta 40 km\/h<\/li>\n<li>Autonom\u00eda: Hasta 60 km (var\u00eda seg\u00fan las condiciones, algunos listados indican 50 km)<\/li>\n<li>Bater\u00eda Ion de litio: de 15.6 Ah y 48 V (extra\u00edble)<\/li>\n<li>Tiempo de carga: Aproximadamente 7 horas<\/li>\n<li>Frenos: Frenos de disco delanteros y traseros, adem\u00e1s de freno regenerativo<\/li>\n<li>Material del cuadro: Aleaci\u00f3n de aluminio aeron\u00e1utico<\/li>\n<li>Capacidad de carga: Hasta 120 kg<\/li>\n<li>Peso: 23 kg<\/li>\n<li>Ruedas: 10 pulgadas de di\u00e1metro<\/li>\n<li>Protecci\u00f3n: Certificaci\u00f3n IP54 contra polvo y agua<\/li>\n<li>Caracter\u00edsticas adicionales: Dise\u00f1o plegable, luces LED delanteras y traseras, 3 modos de velocidad, capacidad para subir pendientes de hasta 25 grados<\/li>\n<\/ul>\n<p>&nbsp;<\/p>\n<h4><strong>\u00a0<\/strong><span style=\"color: #ff0000;\"><strong>Contado efectivo: 10% de Descuento<\/strong><\/span><\/h4>\n<h5><strong>*Las im\u00e1genes son a modo ilustrativo.<\/strong><\/h5>\n","protected":false},"excerpt":{"rendered":"<h3><strong><span style=\"font-family: 'Cambria','serif'; color: green;\">U$S 849<\/span><\/strong><\/h3>\n","protected":false},"featured_media":44484,"comment_status":"open","ping_status":"closed","template":"","meta":[],"_links":{"self":[{"href":"https:\/\/www.appoloviracel.com.uy\/index.php\/wp-json\/wp\/v2\/product\/44483"}],"collection":[{"href":"https:\/\/www.appoloviracel.com.uy\/index.php\/wp-json\/wp\/v2\/product"}],"about":[{"href":"https:\/\/www.appoloviracel.com.uy\/index.php\/wp-json\/wp\/v2\/types\/product"}],"replies":[{"embeddable":true,"href":"https:\/\/www.appoloviracel.com.uy\/index.php\/wp-json\/wp\/v2\/comments?post=44483"}],"wp:featuredmedia":[{"embeddable":true,"href":"https:\/\/www.appoloviracel.com.uy\/index.php\/wp-json\/wp\/v2\/media\/44484"}],"wp:attachment":[{"href":"https:\/\/www.appoloviracel.com.uy\/index.php\/wp-json\/wp\/v2\/media?parent=44483"}],"curies":[{"name":"wp","href":"https:\/\/api.w.org\/{rel}","templated":true}]}}