{"id":44478,"date":"2025-12-18T16:44:33","date_gmt":"2025-12-18T19:44:33","guid":{"rendered":"https:\/\/www.appoloviracel.com.uy\/?post_type=product&#038;p=44478"},"modified":"2026-02-16T15:08:08","modified_gmt":"2026-02-16T18:08:08","slug":"parlante-jbl-flip-bluetooth","status":"publish","type":"product","link":"https:\/\/www.appoloviracel.com.uy\/index.php\/product\/parlante-jbl-flip-bluetooth\/","title":{"rendered":"Parlante JBL \u00abFlip 7\u00bb (Bluetooth)"},"content":{"rendered":"<h2>Caracter\u00edsticas y especificaciones:<\/h2>\n<p>El parlante <strong>JBL Flip 7<\/strong> es un altavoz Bluetooth port\u00e1til que ofrece un sonido JBL Pro potente y mejorado con tecnolog\u00eda AI Sound Boost, ideal para uso en exteriores gracias a su <strong>resistencia al agua y al polvo (certificaci\u00f3n IP68)<\/strong> y una bater\u00eda de hasta <strong>16 horas<\/strong><\/p>\n<ul>\n<li><strong>Potencia de salida: 35 W RMS<\/strong><\/li>\n<li><strong>Conectividad: Bluetooth 5.4, Auracast<\/strong><\/li>\n<li><strong>Resistencia: Certificaci\u00f3n IP68 (resistente al agua y al polvo)<\/strong><\/li>\n<li><strong>Duraci\u00f3n de la bater\u00eda: Hasta 16 horas de reproducci\u00f3n de m\u00fasica<\/strong><\/li>\n<\/ul>\n<p><strong>\u00a0<\/strong><\/p>\n<h5><strong>*Las im\u00e1genes son a modo ilustrativo<\/strong><\/h5>\n","protected":false},"excerpt":{"rendered":"<h3><span style=\"color: #339966;\"><strong>U$S 179<\/strong><\/span><\/h3>\n","protected":false},"featured_media":44479,"comment_status":"open","ping_status":"closed","template":"","meta":[],"_links":{"self":[{"href":"https:\/\/www.appoloviracel.com.uy\/index.php\/wp-json\/wp\/v2\/product\/44478"}],"collection":[{"href":"https:\/\/www.appoloviracel.com.uy\/index.php\/wp-json\/wp\/v2\/product"}],"about":[{"href":"https:\/\/www.appoloviracel.com.uy\/index.php\/wp-json\/wp\/v2\/types\/product"}],"replies":[{"embeddable":true,"href":"https:\/\/www.appoloviracel.com.uy\/index.php\/wp-json\/wp\/v2\/comments?post=44478"}],"wp:featuredmedia":[{"embeddable":true,"href":"https:\/\/www.appoloviracel.com.uy\/index.php\/wp-json\/wp\/v2\/media\/44479"}],"wp:attachment":[{"href":"https:\/\/www.appoloviracel.com.uy\/index.php\/wp-json\/wp\/v2\/media?parent=44478"}],"curies":[{"name":"wp","href":"https:\/\/api.w.org\/{rel}","templated":true}]}}