{"id":44473,"date":"2025-12-17T13:15:22","date_gmt":"2025-12-17T16:15:22","guid":{"rendered":"https:\/\/www.appoloviracel.com.uy\/?post_type=product&#038;p=44473"},"modified":"2026-02-16T14:55:22","modified_gmt":"2026-02-16T17:55:22","slug":"game-console-stick-lizzard-xzz-vg-03","status":"publish","type":"product","link":"https:\/\/www.appoloviracel.com.uy\/index.php\/product\/game-console-stick-lizzard-xzz-vg-03\/","title":{"rendered":"Game Stick Lizzard \u00abXZZ-VG-03\u00bb"},"content":{"rendered":"<h2>Caracter\u00edsticas y especificaciones:<\/h2>\n<p>\u00a1Lleva la diversi\u00f3n retro a la pantalla grande con la Consola Game Stick XZZ-VG-03 de X-Lizzard! Con m\u00e1s de 20.000 juegos cl\u00e1sicos preinstalados, esta consola transforma tu TV en un para\u00edso de entretenimiento. Con resoluci\u00f3n 4K, disfruta de tus t\u00edtulos favoritos con una calidad visual asombrosa. Con su dise\u00f1o compacto, solo con\u00e9ctala al puerto HDMI de tu TV y prep\u00e1rate para revivir las mejores \u00e9pocas del gaming. \u00a1Juega solo o reta a tus amigos para horas de pura diversi\u00f3n!<\/p>\n<ul>\n<li>Consola Stick para TV<\/li>\n<li>9 Emuladores: PS1\/FC\/ATARI\/SFC\/MD\/MAME\/GB\/GBC\/GBA<\/li>\n<li>000 Juegos<\/li>\n<li>Salida HD\/4K Ultra HD<\/li>\n<li>Soporta Memoria micro SD<\/li>\n<li>Memoria 64GB<\/li>\n<li>2 Joysticks Inal\u00e1mbricos 2.4G<\/li>\n<li>Multilenguaje<\/li>\n<\/ul>\n<p><strong>\u00a0<\/strong><\/p>\n<h5><strong>*Las im\u00e1genes son a modo ilustrativo.<\/strong><\/h5>\n","protected":false},"excerpt":{"rendered":"<h3><span style=\"color: #339966;\"><strong>$ 1.790 \u00a0<\/strong><\/span><\/h3>\n","protected":false},"featured_media":44474,"comment_status":"open","ping_status":"closed","template":"","meta":[],"_links":{"self":[{"href":"https:\/\/www.appoloviracel.com.uy\/index.php\/wp-json\/wp\/v2\/product\/44473"}],"collection":[{"href":"https:\/\/www.appoloviracel.com.uy\/index.php\/wp-json\/wp\/v2\/product"}],"about":[{"href":"https:\/\/www.appoloviracel.com.uy\/index.php\/wp-json\/wp\/v2\/types\/product"}],"replies":[{"embeddable":true,"href":"https:\/\/www.appoloviracel.com.uy\/index.php\/wp-json\/wp\/v2\/comments?post=44473"}],"wp:featuredmedia":[{"embeddable":true,"href":"https:\/\/www.appoloviracel.com.uy\/index.php\/wp-json\/wp\/v2\/media\/44474"}],"wp:attachment":[{"href":"https:\/\/www.appoloviracel.com.uy\/index.php\/wp-json\/wp\/v2\/media?parent=44473"}],"curies":[{"name":"wp","href":"https:\/\/api.w.org\/{rel}","templated":true}]}}