{"id":44461,"date":"2025-12-16T15:16:49","date_gmt":"2025-12-16T18:16:49","guid":{"rendered":"https:\/\/www.appoloviracel.com.uy\/?post_type=product&#038;p=44461"},"modified":"2026-02-13T13:59:46","modified_gmt":"2026-02-13T16:59:46","slug":"barra-de-sonido-xiaomi-mdz-34-da-para-tv-visor-redmi","status":"publish","type":"product","link":"https:\/\/www.appoloviracel.com.uy\/index.php\/product\/barra-de-sonido-xiaomi-mdz-34-da-para-tv-visor-redmi\/","title":{"rendered":"Barra de Sonido Xiaomi \u00abMDZ-34-DA\u00bb para TV Visor Redmi"},"content":{"rendered":"<h2>Caracter\u00edsticas y especificaciones:<\/h2>\n<p>La Barra de Sonido Redmi (Xiaomi) es una opci\u00f3n popular para mejorar el audio de tu TV, ofreciendo un sonido claro y potente de 30W, conectividad vers\u00e1til Bluetooth 5.0, SPDIF, AUX), dise\u00f1o compacto y montaje en pared o escritorio, ideal para deportes y pel\u00edculas, aunque algunos modelos no incluyen mando a distancia y el bot\u00f3n de apagado est\u00e1 en la parte trasera, seg\u00fan reportes<\/p>\n<ul>\n<li>Sonido potente y envolvente: Altavoz de 30W con cavidad de sonido canalizada para una calidad de audio mejorada y graves profundos.<\/li>\n<li>Conectividad vers\u00e1til: Conecta a trav\u00e9s de Bluetooth 5.0 para una experiencia inal\u00e1mbrica o utiliza conexiones por cable con los puertos SPDIF y AUX.<\/li>\n<li>Dise\u00f1o minimalista: Est\u00e9tica elegante en negro mate que se adapta a cualquier espacio y estilo.<\/li>\n<li>Montaje flexible: Incluye opciones de montaje en pared o en escritorio, facilitando la instalaci\u00f3n en el lugar que prefieras.<\/li>\n<\/ul>\n<p>&nbsp;<\/p>\n<ul>\n<li>Modelo: MDZ-34-DA<\/li>\n<li>Potencia: 30W<\/li>\n<li>Impedancia: 4 ohms<\/li>\n<li>Frecuencia de respuesta: 80 Hz \u2013 20.000 Hz<\/li>\n<li>Dimensiones: 780 * 64 * 63 mm<\/li>\n<li>Peso: 1.5 kgs.<\/li>\n<\/ul>\n<h5><\/h5>\n<h5><strong>*Las im\u00e1genes son a modo ilustrativo.<\/strong><\/h5>\n","protected":false},"excerpt":{"rendered":"<h3><span style=\"color: #339966;\"><strong>U$S 75<\/strong><\/span><\/h3>\n","protected":false},"featured_media":44462,"comment_status":"open","ping_status":"closed","template":"","meta":[],"_links":{"self":[{"href":"https:\/\/www.appoloviracel.com.uy\/index.php\/wp-json\/wp\/v2\/product\/44461"}],"collection":[{"href":"https:\/\/www.appoloviracel.com.uy\/index.php\/wp-json\/wp\/v2\/product"}],"about":[{"href":"https:\/\/www.appoloviracel.com.uy\/index.php\/wp-json\/wp\/v2\/types\/product"}],"replies":[{"embeddable":true,"href":"https:\/\/www.appoloviracel.com.uy\/index.php\/wp-json\/wp\/v2\/comments?post=44461"}],"wp:featuredmedia":[{"embeddable":true,"href":"https:\/\/www.appoloviracel.com.uy\/index.php\/wp-json\/wp\/v2\/media\/44462"}],"wp:attachment":[{"href":"https:\/\/www.appoloviracel.com.uy\/index.php\/wp-json\/wp\/v2\/media?parent=44461"}],"curies":[{"name":"wp","href":"https:\/\/api.w.org\/{rel}","templated":true}]}}