{"id":44451,"date":"2025-12-15T13:52:58","date_gmt":"2025-12-15T16:52:58","guid":{"rendered":"https:\/\/www.appoloviracel.com.uy\/?post_type=product&#038;p=44451"},"modified":"2026-02-11T17:27:00","modified_gmt":"2026-02-11T20:27:00","slug":"celular-samsung-galaxy-a07-4g-128gb-4gb","status":"publish","type":"product","link":"https:\/\/www.appoloviracel.com.uy\/index.php\/product\/celular-samsung-galaxy-a07-4g-128gb-4gb\/","title":{"rendered":"Celular Samsung \u00abGalaxy A07\u00bb 4G (128Gb-4Gb)"},"content":{"rendered":"<h2><strong>Caracter\u00edsticas y especificaciones<\/strong><\/h2>\n<p>El <strong>Samsung Galaxy A07 4G<\/strong> es un smartphone Android con pantalla de 6.7 pulgadas y tasa de refresco de 90Hz, y est\u00e1 potenciado por un procesador MediaTek Helio G99 con 4GB de RAM y 256GB de almacenamiento. Su c\u00e1mara dual es de 50MP, se alimenta de una bater\u00eda de 5.000 mAh, tiene lector de huellas lateral, y certificaci\u00f3n IP54.<\/p>\n<ul>\n<li><strong>Pantalla: 6.7&#8243;, 720 * 1600 pixels<\/strong><\/li>\n<li><strong>Procesador: Mediatek Helio G99 2.2GHz<\/strong><\/li>\n<li><strong>Memoria RAM: 4GB<\/strong><\/li>\n<li><strong>Almacenamiento: 128B<\/strong><\/li>\n<li><strong>Expansi\u00f3n: microSD<\/strong><\/li>\n<li><strong>C\u00e1mara: Dual, 50MP+2MP<\/strong><\/li>\n<li><strong>Bater\u00eda: 5.000 mAh<\/strong><\/li>\n<li><strong>OS: Android 15<\/strong><\/li>\n<li><strong>Perfil: 7.6 mm<\/strong><\/li>\n<li><strong>Peso: 184 grs.<\/strong><\/li>\n<li><strong>S<\/strong><strong>e<\/strong> incluyen los siguientes accesorios: <strong>Cargador y Manual<\/strong><\/li>\n<li><strong>Garant\u00eda:<\/strong> 12 meses contra defecto de fabricaci\u00f3n<\/li>\n<\/ul>\n<h4><strong>\u00a0<\/strong><\/h4>\n<h4><span style=\"color: #ff0000;\"><strong>Contado efectivo: 10% de Descuento<\/strong><\/span><\/h4>\n<h5><strong>*Las im\u00e1genes son a modo ilustrativo.<\/strong><\/h5>\n","protected":false},"excerpt":{"rendered":"<h3><span style=\"color: #339966;\"><strong>U$S 169<\/strong><\/span><\/h3>\n","protected":false},"featured_media":44452,"comment_status":"open","ping_status":"closed","template":"","meta":[],"_links":{"self":[{"href":"https:\/\/www.appoloviracel.com.uy\/index.php\/wp-json\/wp\/v2\/product\/44451"}],"collection":[{"href":"https:\/\/www.appoloviracel.com.uy\/index.php\/wp-json\/wp\/v2\/product"}],"about":[{"href":"https:\/\/www.appoloviracel.com.uy\/index.php\/wp-json\/wp\/v2\/types\/product"}],"replies":[{"embeddable":true,"href":"https:\/\/www.appoloviracel.com.uy\/index.php\/wp-json\/wp\/v2\/comments?post=44451"}],"wp:featuredmedia":[{"embeddable":true,"href":"https:\/\/www.appoloviracel.com.uy\/index.php\/wp-json\/wp\/v2\/media\/44452"}],"wp:attachment":[{"href":"https:\/\/www.appoloviracel.com.uy\/index.php\/wp-json\/wp\/v2\/media?parent=44451"}],"curies":[{"name":"wp","href":"https:\/\/api.w.org\/{rel}","templated":true}]}}