{"id":44445,"date":"2025-12-15T12:33:46","date_gmt":"2025-12-15T15:33:46","guid":{"rendered":"https:\/\/www.appoloviracel.com.uy\/?post_type=product&#038;p=44445"},"modified":"2026-02-04T15:07:35","modified_gmt":"2026-02-04T18:07:35","slug":"auricular-qcy-croosky-cr70-bluetooth","status":"publish","type":"product","link":"https:\/\/www.appoloviracel.com.uy\/index.php\/product\/auricular-qcy-croosky-cr70-bluetooth\/","title":{"rendered":"Auricular QCY \u00abCroosky R70\u00bb (Bluetooth)"},"content":{"rendered":"<h2>Caracter\u00edsticas y especificaciones:<\/h2>\n<p>El <strong>QCY Crossky R70<\/strong> es un auricular inal\u00e1mbrico de <strong>dise\u00f1o de o\u00eddo abierto<\/strong> que se caracteriza por su comodidad y calidad de sonido de alta resoluci\u00f3n, ideal para usuarios activos que desean mantenerse al tanto de su entorno<\/p>\n<ul>\n<li>\u00a0Dise\u00f1o de o\u00eddo abierto: El dise\u00f1o ergon\u00f3mico con gancho de aleaci\u00f3n de memoria de titanio y n\u00edquel y silicona suave garantiza un ajuste c\u00f3modo y seguro sin presi\u00f3n, ideal para un uso prolongado y actividades deportivas como correr o entrenar.<\/li>\n<li>Audio de alta resoluci\u00f3n (Hi-Res) y c\u00f3dec LDAC: Cuenta con la certificaci\u00f3n Hi-Res Audio y es compatible con el c\u00f3dec LDAC de Sony, lo que, seg\u00fan QCY Official, permite una transmisi\u00f3n de audio con muchos m\u00e1s detalles de sonido que el Bluetooth est\u00e1ndar.<\/li>\n<li>Controladores de triple im\u00e1n: Incorpora controladores din\u00e1micos de 17&#215;12 mm con un sistema de triple im\u00e1n, que proporcionan graves potentes y un sonido equilibrado.<\/li>\n<li>Bater\u00eda de larga duraci\u00f3n: Ofrece aproximadamente 13 horas de reproducci\u00f3n de m\u00fasica con una sola carga de los auriculares, y hasta un total de 52 horas utilizando el estuche de carga.<\/li>\n<li>Resistencia al agua IPX5: Su clasificaci\u00f3n de resistencia al agua IPX5 los hace adecuados para soportar el sudor y la lluvia durante los entrenamientos.<\/li>\n<li>Conexi\u00f3n multipunto: Permite emparejar los auriculares con dos dispositivos simult\u00e1neamente, facilitando el cambio entre, por ejemplo, ver pel\u00edculas en una tableta y responder llamadas en el tel\u00e9fono.<\/li>\n<li>Micr\u00f3fonos para llamadas claras: Equipado con 4 micr\u00f3fonos para llamadas en alta definici\u00f3n (HD), asegurando una comunicaci\u00f3n clara al reducir el ruido ambiental.<\/li>\n<\/ul>\n<p>&nbsp;<\/p>\n<h5><strong>*Las im\u00e1genes son a modo ilustrativo.<\/strong><\/h5>\n","protected":false},"excerpt":{"rendered":"<h3><span style=\"color: #339966;\"><strong>$ 2.790<\/strong><\/span><\/h3>\n","protected":false},"featured_media":44446,"comment_status":"open","ping_status":"closed","template":"","meta":[],"_links":{"self":[{"href":"https:\/\/www.appoloviracel.com.uy\/index.php\/wp-json\/wp\/v2\/product\/44445"}],"collection":[{"href":"https:\/\/www.appoloviracel.com.uy\/index.php\/wp-json\/wp\/v2\/product"}],"about":[{"href":"https:\/\/www.appoloviracel.com.uy\/index.php\/wp-json\/wp\/v2\/types\/product"}],"replies":[{"embeddable":true,"href":"https:\/\/www.appoloviracel.com.uy\/index.php\/wp-json\/wp\/v2\/comments?post=44445"}],"wp:featuredmedia":[{"embeddable":true,"href":"https:\/\/www.appoloviracel.com.uy\/index.php\/wp-json\/wp\/v2\/media\/44446"}],"wp:attachment":[{"href":"https:\/\/www.appoloviracel.com.uy\/index.php\/wp-json\/wp\/v2\/media?parent=44445"}],"curies":[{"name":"wp","href":"https:\/\/api.w.org\/{rel}","templated":true}]}}