{"id":44434,"date":"2025-12-12T15:26:18","date_gmt":"2025-12-12T18:26:18","guid":{"rendered":"https:\/\/www.appoloviracel.com.uy\/?post_type=product&#038;p=44434"},"modified":"2026-01-16T22:05:34","modified_gmt":"2026-01-17T01:05:34","slug":"auricular-jbl-tune-buds2-en-color-violeta-bluetooth","status":"publish","type":"product","link":"https:\/\/www.appoloviracel.com.uy\/index.php\/product\/auricular-jbl-tune-buds2-en-color-violeta-bluetooth\/","title":{"rendered":"Auricular JBL \u00abTune Buds2\u00bb en color violeta (Bluetooth)"},"content":{"rendered":"<h2>Caracter\u00edsticas y especificaciones:<\/h2>\n<p><strong>\u00a0<\/strong>Los auriculares <strong>JBL Tune Buds 2<\/strong> son un modelo inal\u00e1mbrico \u00abtrue wireless\u00bb con <strong>cancelaci\u00f3n de ruido adaptativa<\/strong>, sonido JBL Pure Bass, audio espacial y una bater\u00eda de hasta 48 horas de duraci\u00f3n total con el estuche de carga<\/p>\n<p>Estos auriculares intraurales (in-ear) est\u00e1n dise\u00f1ados para ofrecer comodidad durante todo el d\u00eda y un rendimiento vers\u00e1til, con funciones gestionables a trav\u00e9s de la aplicaci\u00f3n JBL Headphones.<\/p>\n<ul>\n<li><strong>Calidad de Sonido<\/strong>: Cuentan con controladores din\u00e1micos de 10 mm que ofrecen el potente sonido <strong>JBL Pure Bass<\/strong> y la tecnolog\u00eda <strong>JBL Spatial Sound<\/strong> para una experiencia inmersiva.<\/li>\n<li><strong>Cancelaci\u00f3n de Ruido y Ambiente<\/strong>: Incorporan <strong>cancelaci\u00f3n de ruido adaptativa (ANC)<\/strong> para aislarte del exterior, y las funciones <strong>Smart Ambient<\/strong> y <strong>TalkThru<\/strong> te permiten interactuar con tu entorno o hablar sin quitarte los auriculares.<\/li>\n<li><strong>Llamadas Claras<\/strong>: Equipados con un sistema de <strong>6 micr\u00f3fonos<\/strong> (dos exteriores y uno interior por auricular) y algoritmos de supresi\u00f3n de eco y ruido ambiental para garantizar llamadas n\u00edtidas, incluso en entornos ventosos.<\/li>\n<li><strong>Bater\u00eda de Larga Duraci\u00f3n<\/strong>: Ofrecen hasta <strong>10 horas de reproducci\u00f3n<\/strong> con ANC activado (o 12 horas sin ANC), y el estuche de carga proporciona tres cargas completas adicionales para un total de hasta 48 horas.<\/li>\n<li><strong>Resistencia<\/strong>: Los auriculares tienen una clasificaci\u00f3n <strong>IP54<\/strong> de resistencia al polvo y al agua, lo que los hace adecuados para entrenamientos o d\u00edas lluviosos.<\/li>\n<li><strong>Conectividad<\/strong>: Utilizan Bluetooth versi\u00f3n <strong>5.3<\/strong> y son compatibles con la conexi\u00f3n multipunto, permitiendo cambiar sin esfuerzo entre dispositivos Bluetooth, adem\u00e1s de contar con Google Fast Pair.<\/li>\n<\/ul>\n<h5><strong>\u00a0<\/strong><\/h5>\n<h5><strong>*Las im\u00e1genes son a modo ilustrativo.<\/strong><\/h5>\n","protected":false},"excerpt":{"rendered":"<h3><strong><span style=\"font-family: 'Cambria','serif'; color: #339966;\">$ 4.850<\/span><\/strong><\/h3>\n","protected":false},"featured_media":44435,"comment_status":"open","ping_status":"closed","template":"","meta":[],"_links":{"self":[{"href":"https:\/\/www.appoloviracel.com.uy\/index.php\/wp-json\/wp\/v2\/product\/44434"}],"collection":[{"href":"https:\/\/www.appoloviracel.com.uy\/index.php\/wp-json\/wp\/v2\/product"}],"about":[{"href":"https:\/\/www.appoloviracel.com.uy\/index.php\/wp-json\/wp\/v2\/types\/product"}],"replies":[{"embeddable":true,"href":"https:\/\/www.appoloviracel.com.uy\/index.php\/wp-json\/wp\/v2\/comments?post=44434"}],"wp:featuredmedia":[{"embeddable":true,"href":"https:\/\/www.appoloviracel.com.uy\/index.php\/wp-json\/wp\/v2\/media\/44435"}],"wp:attachment":[{"href":"https:\/\/www.appoloviracel.com.uy\/index.php\/wp-json\/wp\/v2\/media?parent=44434"}],"curies":[{"name":"wp","href":"https:\/\/api.w.org\/{rel}","templated":true}]}}