{"id":44430,"date":"2025-12-11T13:50:05","date_gmt":"2025-12-11T16:50:05","guid":{"rendered":"https:\/\/www.appoloviracel.com.uy\/?post_type=product&#038;p=44430"},"modified":"2026-01-12T14:30:06","modified_gmt":"2026-01-12T17:30:06","slug":"auricular-qcy-croosky-c50-bluetooth","status":"publish","type":"product","link":"https:\/\/www.appoloviracel.com.uy\/index.php\/product\/auricular-qcy-croosky-c50-bluetooth\/","title":{"rendered":"Auricular QCY \u00abCroosky C50\u00bb (Bluetooth)"},"content":{"rendered":"<h2>Caracter\u00edsticas y especificaciones:<\/h2>\n<p>Los auriculares <strong>QCY Crossky C50<\/strong> son aud\u00edfonos inal\u00e1mbricos de <strong>dise\u00f1o abierto tipo clip<\/strong>, que destacan por su comodidad para uso prolongado, buena calidad de sonido para su gama de precio y resistencia al agua IPX5. Son ideales para deportes y uso diario, ya que permiten la percepci\u00f3n del entorno al no sellar el canal auditivo.<\/p>\n<ul>\n<li><strong>Dise\u00f1o y Comodidad<\/strong>: Cuentan con un dise\u00f1o ergon\u00f3mico de clip para la oreja, fabricado con silicona suave y aleaci\u00f3n de memoria de titanio flexible, lo que garantiza un ajuste seguro y sin presi\u00f3n. Son ultraligeros, lo que permite un uso c\u00f3modo durante todo el d\u00eda.<\/li>\n<li><strong>Calidad de Audio<\/strong>: Integran un controlador din\u00e1mico de <strong>doble im\u00e1n de 10.8 mm<\/strong> con diafragma de fibra de carbono y un algoritmo de mejora de graves, ofreciendo un sonido rico y claro. Su sonido es \u00abrico, inmersivo\u00bb y que \u00abpueden sonar realmente fuerte\u00bb.<\/li>\n<li><strong>Llamadas Claras<\/strong>: Equipados con <strong>4 micr\u00f3fonos<\/strong> y tecnolog\u00eda de <strong>cancelaci\u00f3n de ruido ENC<\/strong> (Environmental Noise Cancellation) asistida por IA, que trabajan juntos para filtrar el ruido ambiental y del viento, permitiendo llamadas n\u00edtidas.<\/li>\n<li><strong>Conectividad y Bater\u00eda<\/strong>: Utilizan la tecnolog\u00eda <strong>Bluetooth 6.0<\/strong> para una conexi\u00f3n r\u00e1pida y estable. Ofrecen aproximadamente <strong>7.5 horas de reproducci\u00f3n<\/strong> con una sola carga, extendi\u00e9ndose a un total de <strong>35 horas<\/strong> con el estuche de carga. Cuentan con carga r\u00e1pida mediante USB-C.<\/li>\n<li><strong>Funciones Adicionales<\/strong>: Tienen clasificaci\u00f3n de <strong>resistencia al agua IPX5<\/strong>, haci\u00e9ndolos adecuados para entrenamientos y salpicaduras ligeras. Una caracter\u00edstica innovadora es la detecci\u00f3n autom\u00e1tica de canal izquierdo\/derecho, lo que facilita su uso sin tener que verificar manualmente la orientaci\u00f3n.<\/li>\n<\/ul>\n<p>&nbsp;<\/p>\n<h5><strong>*Las im\u00e1genes son a modo ilustrativo.<\/strong><\/h5>\n","protected":false},"excerpt":{"rendered":"<h3><span style=\"color: #339966;\"><strong>$ 2.150<\/strong><\/span><\/h3>\n","protected":false},"featured_media":44431,"comment_status":"open","ping_status":"closed","template":"","meta":[],"_links":{"self":[{"href":"https:\/\/www.appoloviracel.com.uy\/index.php\/wp-json\/wp\/v2\/product\/44430"}],"collection":[{"href":"https:\/\/www.appoloviracel.com.uy\/index.php\/wp-json\/wp\/v2\/product"}],"about":[{"href":"https:\/\/www.appoloviracel.com.uy\/index.php\/wp-json\/wp\/v2\/types\/product"}],"replies":[{"embeddable":true,"href":"https:\/\/www.appoloviracel.com.uy\/index.php\/wp-json\/wp\/v2\/comments?post=44430"}],"wp:featuredmedia":[{"embeddable":true,"href":"https:\/\/www.appoloviracel.com.uy\/index.php\/wp-json\/wp\/v2\/media\/44431"}],"wp:attachment":[{"href":"https:\/\/www.appoloviracel.com.uy\/index.php\/wp-json\/wp\/v2\/media?parent=44430"}],"curies":[{"name":"wp","href":"https:\/\/api.w.org\/{rel}","templated":true}]}}