{"id":44426,"date":"2025-12-10T20:48:17","date_gmt":"2025-12-10T23:48:17","guid":{"rendered":"https:\/\/www.appoloviracel.com.uy\/?post_type=product&#038;p=44426"},"modified":"2026-01-07T14:58:22","modified_gmt":"2026-01-07T17:58:22","slug":"auricular-qcy-croosky-c10-bluetooth","status":"publish","type":"product","link":"https:\/\/www.appoloviracel.com.uy\/index.php\/product\/auricular-qcy-croosky-c10-bluetooth\/","title":{"rendered":"Auricular QCY \u00abCroosky C10\u00bb (Bluetooth)"},"content":{"rendered":"<h2>Caracter\u00edsticas y especificaciones:<\/h2>\n<p>Los QCY Croosky C10 son auriculares inal\u00e1mbricos de conducci\u00f3n abierta (Open-Ear) con un dise\u00f1o de clip ligero y ergon\u00f3mico que se sujeta a la oreja sin bloquear el canal auditivo, ideales para hacer ejercicio o estar alerta al entorno, ofreciendo Bluetooth 5.4, doble micr\u00f3fono con cancelaci\u00f3n de ruido (ENC) para llamadas claras, y hasta 22 horas de bater\u00eda total, permitiendo disfrutar de audio de calidad y llamadas n\u00edtidas mientras te mantienes conectado con el exterior, adem\u00e1s de un modo gaming para baja latencia<\/p>\n<ul>\n<li>Dise\u00f1o de clip abierto<\/li>\n<li>Direccional avanzado<\/li>\n<li>30 h de reproducci\u00f3n total<\/li>\n<li>Reducci\u00f3n de ruido<\/li>\n<li>Chipset: Jieli JL7006F6 Bluetooth 5.4<\/li>\n<li>Altavoz: Transductor din\u00e1mico de 17 * 12 mm<\/li>\n<li>Distancia de comunicaci\u00f3n: 10 m<\/li>\n<li>Tiempo de reproducci\u00f3n: 5 h<\/li>\n<li>Tiempo de llamada: 3,5 h<\/li>\n<li>Duraci\u00f3n de la bater\u00eda: Aprox. 30 h<\/li>\n<li>Capacidad de la bater\u00eda: 32 mAh (auriculares) 350 mAh (estuche)<\/li>\n<li>Tiempo de carga completa: aprox. 2 horas<\/li>\n<\/ul>\n<p>&nbsp;<\/p>\n<h5><strong>*Las im\u00e1genes son a modo ilustrativo.<\/strong><\/h5>\n","protected":false},"excerpt":{"rendered":"<h3><span style=\"color: #339966;\"><strong>$ 1.090<\/strong><\/span><\/h3>\n","protected":false},"featured_media":44427,"comment_status":"open","ping_status":"closed","template":"","meta":[],"_links":{"self":[{"href":"https:\/\/www.appoloviracel.com.uy\/index.php\/wp-json\/wp\/v2\/product\/44426"}],"collection":[{"href":"https:\/\/www.appoloviracel.com.uy\/index.php\/wp-json\/wp\/v2\/product"}],"about":[{"href":"https:\/\/www.appoloviracel.com.uy\/index.php\/wp-json\/wp\/v2\/types\/product"}],"replies":[{"embeddable":true,"href":"https:\/\/www.appoloviracel.com.uy\/index.php\/wp-json\/wp\/v2\/comments?post=44426"}],"wp:featuredmedia":[{"embeddable":true,"href":"https:\/\/www.appoloviracel.com.uy\/index.php\/wp-json\/wp\/v2\/media\/44427"}],"wp:attachment":[{"href":"https:\/\/www.appoloviracel.com.uy\/index.php\/wp-json\/wp\/v2\/media?parent=44426"}],"curies":[{"name":"wp","href":"https:\/\/api.w.org\/{rel}","templated":true}]}}