{"id":44419,"date":"2025-12-06T14:48:58","date_gmt":"2025-12-06T17:48:58","guid":{"rendered":"https:\/\/www.appoloviracel.com.uy\/?post_type=product&#038;p=44419"},"modified":"2026-04-28T18:57:33","modified_gmt":"2026-04-28T21:57:33","slug":"celular-iphone-17-256gb-8gb","status":"publish","type":"product","link":"https:\/\/www.appoloviracel.com.uy\/index.php\/product\/celular-iphone-17-256gb-8gb\/","title":{"rendered":"Celular iPhone \u00ab17\u00bb (256Gb-8Gb)"},"content":{"rendered":"<h2>Caracter\u00edsticas y especificaciones:<\/h2>\n<h4><span style=\"color: #ff0000;\"><strong>Equipo Nuevo<\/strong><\/span><\/h4>\n<p>El <strong>Apple iPhone 17<\/strong> debuta con una pantalla OLED LTPO de 6.3 pulgadas con tasa de refresco de 120Hz y el procesador Apple A19 con 8GB de RAM y 256GB de almacenamiento. Su c\u00e1mara est\u00e1 compuesta de dos sensores de 48MP, wide y ultrawide, respectivamente y con estabilizaci\u00f3n \u00f3ptica. El iPhone 17 se alimenta de una bater\u00eda de 3.692 mAh con soporte para carga r\u00e1pida tanto por cable como inal\u00e1mbrica, posee parlantes est\u00e9reo, y certificaci\u00f3n IP68.<\/p>\n<ul>\n<li>Pantalla: 6.3&#8243;, 1206 * 2622 pixeles<\/li>\n<li>Procesador: Apple A19<\/li>\n<li>Memoria RAM: 8GB<\/li>\n<li>Almacenamiento: 256GB<\/li>\n<li>Expansi\u00f3n: sin microSD<\/li>\n<li>C\u00e1mara: Dual, 48MP+48MP<\/li>\n<li>Bater\u00eda: 3.692 mAh<\/li>\n<li>OS: iOS 26<\/li>\n<li>Perfil: 8 mm<\/li>\n<li>Peso: 177 grs.<\/li>\n<li>Se incluyen los siguientes accesorios: <strong>Cable original y Manual<\/strong><\/li>\n<li><strong>Garant\u00eda:<\/strong> 12 meses contra defecto de fabricaci\u00f3n<\/li>\n<\/ul>\n<h4><\/h4>\n<h4><span style=\"color: #ff0000;\"><strong>Contado efectivo: 10% de Descuento<\/strong><\/span><\/h4>\n<h5><strong>*Las im\u00e1genes son a modo ilustrativo.<\/strong><\/h5>\n","protected":false},"excerpt":{"rendered":"<h3><strong><span style=\"font-family: 'Cambria','serif'; color: #339966;\">U$S 1.390<\/span><\/strong><\/h3>\n","protected":false},"featured_media":44420,"comment_status":"open","ping_status":"closed","template":"","meta":[],"_links":{"self":[{"href":"https:\/\/www.appoloviracel.com.uy\/index.php\/wp-json\/wp\/v2\/product\/44419"}],"collection":[{"href":"https:\/\/www.appoloviracel.com.uy\/index.php\/wp-json\/wp\/v2\/product"}],"about":[{"href":"https:\/\/www.appoloviracel.com.uy\/index.php\/wp-json\/wp\/v2\/types\/product"}],"replies":[{"embeddable":true,"href":"https:\/\/www.appoloviracel.com.uy\/index.php\/wp-json\/wp\/v2\/comments?post=44419"}],"wp:featuredmedia":[{"embeddable":true,"href":"https:\/\/www.appoloviracel.com.uy\/index.php\/wp-json\/wp\/v2\/media\/44420"}],"wp:attachment":[{"href":"https:\/\/www.appoloviracel.com.uy\/index.php\/wp-json\/wp\/v2\/media?parent=44419"}],"curies":[{"name":"wp","href":"https:\/\/api.w.org\/{rel}","templated":true}]}}