{"id":44409,"date":"2025-11-25T14:12:43","date_gmt":"2025-11-25T17:12:43","guid":{"rendered":"https:\/\/www.appoloviracel.com.uy\/?post_type=product&#038;p=44409"},"modified":"2025-12-22T10:59:04","modified_gmt":"2025-12-22T13:59:04","slug":"parlante-tg-tg394-5w-bluetooth","status":"publish","type":"product","link":"https:\/\/www.appoloviracel.com.uy\/index.php\/product\/parlante-tg-tg394-5w-bluetooth\/","title":{"rendered":"Parlante T&#038;G \u00abTG394\u00bb 5w (Bluetooth)"},"content":{"rendered":"<h2>Caracter\u00edsticas y especificaciones:<\/h2>\n<ul>\n<li>Chip Bluetooth 5.3, transmisi\u00f3n de alta velocidad, bajo consumo de energ\u00eda, se\u00f1al estable sin interferencias.<\/li>\n<li>Altavoz de unidad de 52 mm, decodificaci\u00f3n de audio avanzada, sonido claro y fuerte.<\/li>\n<li>Tecnolog\u00eda impermeable IPX7, mano de obra exquisita, sin necesidad de preocuparse por los d\u00edas lluviosos al aire libre.<\/li>\n<li>Interconexi\u00f3n TWS, los tel\u00e9fonos m\u00f3viles pueden conectar dos altavoces al mismo tiempo, experimentando efectos de sonido envolvente tridimensionales.<\/li>\n<li>MINI cuerpo port\u00e1til, cord\u00f3n exquisito, f\u00e1cil de transportar.<\/li>\n<li>Cinco modos de reproducci\u00f3n principales, compatible con Bluetooth, tarjeta TF, interconexi\u00f3n TWS, radio FM, reproducci\u00f3n AUX, en cualquier momento y en cualquier lugar, para satisfacer diversas necesidades de reproducci\u00f3n.<\/li>\n<li>Bater\u00eda grande incorporada de 500 mAh, completamente cargada a la vez, escuchando m\u00fasica durante 3-5 horas.<\/li>\n<\/ul>\n<p>&nbsp;<\/p>\n<ul>\n<li>Versi\u00f3n de Bluetooth: 5,3<\/li>\n<li>Rango de transmisi\u00f3n inal\u00e1mbrica: 10 m<\/li>\n<li>Relaci\u00f3n de ruido de audio: 90db<\/li>\n<li>Bater\u00eda: 500 mAh\/3,7 v<\/li>\n<li>Voltaje de carga: CC 5 V\/500 mAh.<\/li>\n<li>Tiempo de reproducci\u00f3n de volumen normal: aproximadamente 3 horas<\/li>\n<li>Especificaci\u00f3n de bocina: OD 52MM * 1<\/li>\n<li>La potencia del altavoz: 4 Ohm \/ 5w * 1<\/li>\n<li>Respuesta de frecuencia: 120hz-20khz<\/li>\n<li>Tama\u00f1o: 101,5 * 44,8 * 82,7mm<\/li>\n<li>Peso: 214grs.<\/li>\n<\/ul>\n<p>&nbsp;<\/p>\n<h5>*Las im\u00e1genes son a modo ilustrativo.<\/h5>\n","protected":false},"excerpt":{"rendered":"<h3><strong><span style=\"font-family: 'Cambria','serif'; color: #339966;\">$ 550<\/span><\/strong><\/h3>\n","protected":false},"featured_media":44410,"comment_status":"open","ping_status":"closed","template":"","meta":[],"_links":{"self":[{"href":"https:\/\/www.appoloviracel.com.uy\/index.php\/wp-json\/wp\/v2\/product\/44409"}],"collection":[{"href":"https:\/\/www.appoloviracel.com.uy\/index.php\/wp-json\/wp\/v2\/product"}],"about":[{"href":"https:\/\/www.appoloviracel.com.uy\/index.php\/wp-json\/wp\/v2\/types\/product"}],"replies":[{"embeddable":true,"href":"https:\/\/www.appoloviracel.com.uy\/index.php\/wp-json\/wp\/v2\/comments?post=44409"}],"wp:featuredmedia":[{"embeddable":true,"href":"https:\/\/www.appoloviracel.com.uy\/index.php\/wp-json\/wp\/v2\/media\/44410"}],"wp:attachment":[{"href":"https:\/\/www.appoloviracel.com.uy\/index.php\/wp-json\/wp\/v2\/media?parent=44409"}],"curies":[{"name":"wp","href":"https:\/\/api.w.org\/{rel}","templated":true}]}}