{"id":44405,"date":"2025-11-24T15:51:18","date_gmt":"2025-11-24T18:51:18","guid":{"rendered":"https:\/\/www.appoloviracel.com.uy\/?post_type=product&#038;p=44405"},"modified":"2025-12-22T10:48:09","modified_gmt":"2025-12-22T13:48:09","slug":"celular-samsung-galaxy-s25fe-512gb-8gb","status":"publish","type":"product","link":"https:\/\/www.appoloviracel.com.uy\/index.php\/product\/celular-samsung-galaxy-s25fe-512gb-8gb\/","title":{"rendered":"Celular Samsung \u00abGalaxy s25FE\u00bb (512Gb-8Gb)"},"content":{"rendered":"<h2>Caracter\u00edsticas y especificaciones:<\/h2>\n<p>El <strong>Samsung Galaxy S25 FE<\/strong> se renueva con una pantalla AMOLED de 6.7 pulgadas con tasa de refresco de 120Hz y potenciado por un procesador Exynos 2400 acompa\u00f1ado de 8GB de RAM y hasta 512GB de almacenamiento no expandible. Su c\u00e1mara triple cuenta con un sensor principal de 50MP con estabilizaci\u00f3n \u00f3ptica, m\u00e1s una c\u00e1mara telefoto de 8MP con zoom 3x y una ultrawide de 12MP, y se alimenta de una bater\u00eda de 4.900 mAh con soporte para carga r\u00e1pida e inal\u00e1mbrica. El Galaxy S25 FE completa sus caracter\u00edsticas con parlantes est\u00e9reo, lector de huellas bajo pantalla, y certificaci\u00f3n IP68 para protecci\u00f3n contra polvo y agua.<\/p>\n<ul>\n<li>Pantalla: 6.7&#8243;, 1080 * 2340 pixeles<\/li>\n<li>Procesador: Exynos 2400 3.2GHz<\/li>\n<li>Memoria RAM: 8GB<\/li>\n<li>Almacenamiento: 512GB<\/li>\n<li>Expansi\u00f3n: sin microSD<\/li>\n<li>C\u00e1mara: Triple, 50MP + 12MP + 8MP<\/li>\n<li>Bater\u00eda: 4.900 mAh<\/li>\n<li>OS: Android 16<\/li>\n<li>Perfil: 7.4 mm<\/li>\n<li>Peso: 190 grs.<\/li>\n<li>Se incluyen los siguientes accesorios: <strong>Cargador y Manual<\/strong><\/li>\n<li><strong>Garant\u00eda:<\/strong> 12 meses contra defecto de fabricaci\u00f3n<\/li>\n<\/ul>\n<h4><\/h4>\n<h4><span style=\"color: #ff0000;\"><strong>Contado efectivo: 10% de Descuento<\/strong><\/span><\/h4>\n<h5><strong>*Las im\u00e1genes son a modo ilustrativo.<\/strong><\/h5>\n","protected":false},"excerpt":{"rendered":"<h3><span style=\"color: #339966;\"><strong>U$S 1.100<\/strong><\/span><\/h3>\n","protected":false},"featured_media":44406,"comment_status":"open","ping_status":"closed","template":"","meta":[],"_links":{"self":[{"href":"https:\/\/www.appoloviracel.com.uy\/index.php\/wp-json\/wp\/v2\/product\/44405"}],"collection":[{"href":"https:\/\/www.appoloviracel.com.uy\/index.php\/wp-json\/wp\/v2\/product"}],"about":[{"href":"https:\/\/www.appoloviracel.com.uy\/index.php\/wp-json\/wp\/v2\/types\/product"}],"replies":[{"embeddable":true,"href":"https:\/\/www.appoloviracel.com.uy\/index.php\/wp-json\/wp\/v2\/comments?post=44405"}],"wp:featuredmedia":[{"embeddable":true,"href":"https:\/\/www.appoloviracel.com.uy\/index.php\/wp-json\/wp\/v2\/media\/44406"}],"wp:attachment":[{"href":"https:\/\/www.appoloviracel.com.uy\/index.php\/wp-json\/wp\/v2\/media?parent=44405"}],"curies":[{"name":"wp","href":"https:\/\/api.w.org\/{rel}","templated":true}]}}