{"id":44401,"date":"2025-11-24T15:36:25","date_gmt":"2025-11-24T18:36:25","guid":{"rendered":"https:\/\/www.appoloviracel.com.uy\/?post_type=product&#038;p=44401"},"modified":"2025-12-19T14:55:43","modified_gmt":"2025-12-19T17:55:43","slug":"parlante-tg-tg687-5w-bluetooth","status":"publish","type":"product","link":"https:\/\/www.appoloviracel.com.uy\/index.php\/product\/parlante-tg-tg687-5w-bluetooth\/","title":{"rendered":"Parlante T&#038;G \u00abTG687\u00bb 5w (Bluetooth)"},"content":{"rendered":"<h2>Caracter\u00edsticas y especificaciones:<\/h2>\n<p>El Parlante T&amp;G TG687 es un altavoz port\u00e1til de 5W de potencia con conexi\u00f3n Bluetooth 5.3, que tambi\u00e9n funciona con radio FM, entrada AUX, y ranura para tarjeta MicroSD o USB. Es un altavoz peque\u00f1o y cuadrado con caracter\u00edsticas como la funci\u00f3n TWS para conectar dos parlantes y una bater\u00eda de 1.200 mAh que ofrece hasta 4 horas de reproducci\u00f3n.<\/p>\n<ul>\n<li>Conectividad: Bluetooth 5.3, entrada AUX, ranura para tarjeta MicroSD y puerto USB.<\/li>\n<li>Potencia: \\(5\\)W (con dos altavoces de \\(5\\)W en algunos modelos).<\/li>\n<li>Bater\u00eda: Recargable de \\(1200\\) mAh que proporciona hasta 3-4 horas de reproducci\u00f3n.<\/li>\n<li>Funciones adicionales: Radio FM; Funci\u00f3n TWS (True Wireless St\u00e9reo) para conectar dos parlantes entre s\u00ed; Micr\u00f3fono incorporado para llamadas.<\/li>\n<li>Dise\u00f1o: Peque\u00f1o y cuadrado, con opciones de color (negro, rojo, azul, verde).<\/li>\n<li>Resistencia: Algunas versiones pueden tener resistencia al agua (IPX-6)<\/li>\n<\/ul>\n<p>&nbsp;<\/p>\n<h5>*Las im\u00e1genes son a modo ilustrativo<\/h5>\n","protected":false},"excerpt":{"rendered":"<h3><strong><span style=\"font-family: 'Cambria','serif'; color: #339966;\">$ 490<\/span><\/strong><\/h3>\n","protected":false},"featured_media":44402,"comment_status":"open","ping_status":"closed","template":"","meta":[],"_links":{"self":[{"href":"https:\/\/www.appoloviracel.com.uy\/index.php\/wp-json\/wp\/v2\/product\/44401"}],"collection":[{"href":"https:\/\/www.appoloviracel.com.uy\/index.php\/wp-json\/wp\/v2\/product"}],"about":[{"href":"https:\/\/www.appoloviracel.com.uy\/index.php\/wp-json\/wp\/v2\/types\/product"}],"replies":[{"embeddable":true,"href":"https:\/\/www.appoloviracel.com.uy\/index.php\/wp-json\/wp\/v2\/comments?post=44401"}],"wp:featuredmedia":[{"embeddable":true,"href":"https:\/\/www.appoloviracel.com.uy\/index.php\/wp-json\/wp\/v2\/media\/44402"}],"wp:attachment":[{"href":"https:\/\/www.appoloviracel.com.uy\/index.php\/wp-json\/wp\/v2\/media?parent=44401"}],"curies":[{"name":"wp","href":"https:\/\/api.w.org\/{rel}","templated":true}]}}