{"id":44395,"date":"2025-11-21T14:59:42","date_gmt":"2025-11-21T17:59:42","guid":{"rendered":"https:\/\/www.appoloviracel.com.uy\/?post_type=product&#038;p=44395"},"modified":"2025-12-19T14:55:12","modified_gmt":"2025-12-19T17:55:12","slug":"celular-samsung-galaxy-a17-5g-256gb-8gb","status":"publish","type":"product","link":"https:\/\/www.appoloviracel.com.uy\/index.php\/product\/celular-samsung-galaxy-a17-5g-256gb-8gb\/","title":{"rendered":"Celular Samsung \u00abGalaxy A17\u00bb 5G (256Gb-8Gb)"},"content":{"rendered":"<h2>Caracter\u00edsticas y especificaciones:<\/h2>\n<p>El Samsung <strong>Galaxy A17 5G<\/strong> contiene una pantalla Super AMOLED de 6.7 pulgadas con tasa de refresco de 90Hz y potenciado por un procesador Exynos 1330 con 8GB de RAM y 256GB de almacenamiento. Su c\u00e1mara trasera triple es de 50MP con estabilizaci\u00f3n \u00f3ptica y se alimenta de una bater\u00eda de 5.000 mAh de carga r\u00e1pida. El Galaxy A17 completa sus caracter\u00edsticas con un lector de huellas lateral, certificaci\u00f3n IP54 y corre One UI 7 basado en Android 15.<\/p>\n<ul>\n<li>Bandas 3G: 850\/900\/1900\/2100<\/li>\n<li>Bandas 4G: 850\/1700\/1800\/1900\/2100\/2600<\/li>\n<li>Bandas 5G: Si<\/li>\n<li>Pantalla t\u00e1ctil: Super AMOLED, 90Hz<\/li>\n<li>Resoluci\u00f3n: 1080 * 2340 p\u00edxeles<\/li>\n<li>Tama\u00f1o: 6.7 pulgadas<\/li>\n<li>Colores: 16M colores<\/li>\n<li>Memoria interna: 256GB<\/li>\n<li>Memoria RAM: 8GB<\/li>\n<li>Externa: microSDXC<\/li>\n<li>Procesador: Exynos 1330 octa-core 2.4GHz<\/li>\n<li>Bater\u00eda: 5.000 mAh<\/li>\n<li>Carga: 25W<\/li>\n<li>Conector de carga: USB Tipo-C 2.0<\/li>\n<li>Se incluyen los siguientes accesorios: <strong>Cargador y Manual<\/strong><\/li>\n<li><strong>Garant\u00eda:<\/strong> 12 meses contra defecto de fabricaci\u00f3n<\/li>\n<\/ul>\n<h4><\/h4>\n<h4><span style=\"color: #ff0000;\"><strong>Contado efectivo: 10% de Descuento<\/strong><\/span><\/h4>\n<h5><strong>*Las im\u00e1genes son a modo ilustrativo.<\/strong><\/h5>\n","protected":false},"excerpt":{"rendered":"<h3><span style=\"color: #339966;\"><strong>U$S 335<\/strong><\/span><\/h3>\n","protected":false},"featured_media":44396,"comment_status":"open","ping_status":"closed","template":"","meta":[],"_links":{"self":[{"href":"https:\/\/www.appoloviracel.com.uy\/index.php\/wp-json\/wp\/v2\/product\/44395"}],"collection":[{"href":"https:\/\/www.appoloviracel.com.uy\/index.php\/wp-json\/wp\/v2\/product"}],"about":[{"href":"https:\/\/www.appoloviracel.com.uy\/index.php\/wp-json\/wp\/v2\/types\/product"}],"replies":[{"embeddable":true,"href":"https:\/\/www.appoloviracel.com.uy\/index.php\/wp-json\/wp\/v2\/comments?post=44395"}],"wp:featuredmedia":[{"embeddable":true,"href":"https:\/\/www.appoloviracel.com.uy\/index.php\/wp-json\/wp\/v2\/media\/44396"}],"wp:attachment":[{"href":"https:\/\/www.appoloviracel.com.uy\/index.php\/wp-json\/wp\/v2\/media?parent=44395"}],"curies":[{"name":"wp","href":"https:\/\/api.w.org\/{rel}","templated":true}]}}