{"id":44382,"date":"2025-11-20T16:38:35","date_gmt":"2025-11-20T19:38:35","guid":{"rendered":"https:\/\/www.appoloviracel.com.uy\/?post_type=product&#038;p=44382"},"modified":"2025-12-18T18:01:34","modified_gmt":"2025-12-18T21:01:34","slug":"camara-de-fotos-digital-infantil-con-impresora-termica-pantalla-2-pulgadas","status":"publish","type":"product","link":"https:\/\/www.appoloviracel.com.uy\/index.php\/product\/camara-de-fotos-digital-infantil-con-impresora-termica-pantalla-2-pulgadas\/","title":{"rendered":"C\u00e1mara de fotos digital infantil con impresora t\u00e9rmica, pantalla 2 pulgadas"},"content":{"rendered":"<h2>Caracter\u00edsticas y especificaciones:<\/h2>\n<p>C\u00e1mara instant\u00e1nea para ni\u00f1os con dise\u00f1o divertido y funciones f\u00e1ciles de usar. Ideal para fomentar la creatividad y el juego interactivo. Imprime fotos en blanco y negro al instante.<\/p>\n<p>Tama\u00f1o s\u00faper mini, adecuado para las manos peque\u00f1as de los ni\u00f1os. Dibujos animados encantadores y dise\u00f1o de colores brillantes, es un regalo considerado para los ni\u00f1os y una c\u00e1mara m\u00e1gica que abre la inteligencia para cultivar la observaci\u00f3n de los ni\u00f1os y descubrir la belleza.<\/p>\n<p>Equipado con pantalla HD de 2,4 pulgadas, resoluci\u00f3n de la c\u00e1mara: 24 MP, resoluci\u00f3n de video: FULL HD 720P, soporte para tarjeta de memoria de 4-32 GB. Captura im\u00e1genes perfectas y graba videos v\u00edvidos.<\/p>\n<p>Carga de 2 a 3 horas y trabajo de 2 a 3 horas. Botones simples, s\u00faper convenientes para que los ni\u00f1os los operen. Los ni\u00f1os pueden tomar fotos interesantes y grabar videos f\u00e1cilmente con esta c\u00e1mara digital. Bater\u00eda de litio recargable incorporada.<\/p>\n<ul>\n<li>Marca: Gen\u00e9rica<\/li>\n<li>Modelo: C\u00e1mara Con Impresora t\u00e9rmica<\/li>\n<li>Pantalla LCD: 2.0 pulgadas<\/li>\n<li>Calidad sin l\u00edmites en tus fotograf\u00edas.<\/li>\n<li>Tipo de alimentaci\u00f3n: Bater\u00eda recargable<\/li>\n<li>Sensor \u00f3ptico: Tipo de sensor \u00f3ptico VGA<\/li>\n<li>Tama\u00f1o del sensor \u00f3ptico: VGA<\/li>\n<li>Tipo de c\u00e1mara: Instant\u00e1nea<\/li>\n<li>Resoluci\u00f3n de imagen de la c\u00e1mara: 24 Mpx<\/li>\n<li>Tama\u00f1o de la pantalla: 2 \u00ab<\/li>\n<li>Zoom \u00f3ptico: \u00a0\u00a0 3x<\/li>\n<li>Formatos de la imagen: 1080<\/li>\n<li>Formatos del video: MP4, Vga<\/li>\n<li>Con funci\u00f3n de grabaci\u00f3n de video: S\u00ed<\/li>\n<li>Con funci\u00f3n de impresi\u00f3n: S\u00ed<\/li>\n<li>Tipo de impresi\u00f3n: T\u00e9rmica en blanco y negro (sin tinta)<\/li>\n<li>Almacenamiento: Ranura para tarjeta microSD (no incluida, soporta hasta 32 GB)<\/li>\n<li>Conectividad: USB para carga y transferencia de datos<\/li>\n<li>Material: Pl\u00e1stico resistente, seguro para ni\u00f1os<\/li>\n<\/ul>\n<h6><\/h6>\n<h4><span style=\"color: #ff0000;\">Edad recomendada: 3 a\u00f1os en adelante<\/span><\/h4>\n<h5><strong>*Las im\u00e1genes son a modo ilustrativo<\/strong><\/h5>\n","protected":false},"excerpt":{"rendered":"<h3><strong><span style=\"font-family: 'Cambria','serif'; color: #339966;\">$ 1.290 \u00a0<\/span><\/strong><\/h3>\n","protected":false},"featured_media":44383,"comment_status":"open","ping_status":"closed","template":"","meta":[],"_links":{"self":[{"href":"https:\/\/www.appoloviracel.com.uy\/index.php\/wp-json\/wp\/v2\/product\/44382"}],"collection":[{"href":"https:\/\/www.appoloviracel.com.uy\/index.php\/wp-json\/wp\/v2\/product"}],"about":[{"href":"https:\/\/www.appoloviracel.com.uy\/index.php\/wp-json\/wp\/v2\/types\/product"}],"replies":[{"embeddable":true,"href":"https:\/\/www.appoloviracel.com.uy\/index.php\/wp-json\/wp\/v2\/comments?post=44382"}],"wp:featuredmedia":[{"embeddable":true,"href":"https:\/\/www.appoloviracel.com.uy\/index.php\/wp-json\/wp\/v2\/media\/44383"}],"wp:attachment":[{"href":"https:\/\/www.appoloviracel.com.uy\/index.php\/wp-json\/wp\/v2\/media?parent=44382"}],"curies":[{"name":"wp","href":"https:\/\/api.w.org\/{rel}","templated":true}]}}