{"id":44365,"date":"2025-11-18T13:48:48","date_gmt":"2025-11-18T16:48:48","guid":{"rendered":"https:\/\/www.appoloviracel.com.uy\/?post_type=product&#038;p=44365"},"modified":"2026-04-10T11:12:58","modified_gmt":"2026-04-10T14:12:58","slug":"celular-samsung-galaxy-a17-4g-128gb-6gb","status":"publish","type":"product","link":"https:\/\/www.appoloviracel.com.uy\/index.php\/product\/celular-samsung-galaxy-a17-4g-128gb-6gb\/","title":{"rendered":"Celular Samsung \u00abGalaxy A17\u00bb 4G (128Gb-6Gb)"},"content":{"rendered":"<h2>Caracter\u00edsticas y especificaciones:<\/h2>\n<p>El <strong>Samsung Galaxy A17 4G<\/strong> cuenta con una pantalla AMOLED de 6.7 pulgadas con refresco de 90Hz y est\u00e1 potenciado por un procesador Helio G99 con hasta 6GB de RAM y 128GB de almacenamiento. Su c\u00e1mara triple es de 50MP y cuenta con estabilizaci\u00f3n \u00f3ptica, sumando lector de huellas, resistencia a salpicaduras, y una bater\u00eda de 5.000 mAh de carga r\u00e1pida.<\/p>\n<ul>\n<li>Pantalla: 6.7&#8243;, 1080 * 2340 pixels<\/li>\n<li>Procesador: Mediatek Helio G99 2.2GHz<\/li>\n<li>Memoria RAM: 6GB<\/li>\n<li>Almacenamiento: 128GB<\/li>\n<li>Expansi\u00f3n: microSD<\/li>\n<li>C\u00e1mara: Triple, 50MP + 5MP + 2MP<\/li>\n<li>Bater\u00eda: 5.000 mAh<\/li>\n<li>OS: Android 15<\/li>\n<li>Perfil:\u00a0 7.5 mm<\/li>\n<li>Peso:\u00a0 \u00a0190 grs.<\/li>\n<li>Se incluyen los siguientes accesorios: <strong>Cargador y Manual<\/strong><\/li>\n<li><strong>Garant\u00eda:<\/strong> 12 meses contra defecto de fabricaci\u00f3n<\/li>\n<\/ul>\n<h4><\/h4>\n<h4><span style=\"color: #ff0000;\"><strong>Contado efectivo: 10% de Descuento<\/strong><\/span><\/h4>\n<h5><strong>*Las im\u00e1genes son a modo ilustrativo.<\/strong><\/h5>\n","protected":false},"excerpt":{"rendered":"<h3><span style=\"color: #339966;\"><strong>U$S 255<\/strong><\/span><\/h3>\n","protected":false},"featured_media":44366,"comment_status":"open","ping_status":"closed","template":"","meta":[],"_links":{"self":[{"href":"https:\/\/www.appoloviracel.com.uy\/index.php\/wp-json\/wp\/v2\/product\/44365"}],"collection":[{"href":"https:\/\/www.appoloviracel.com.uy\/index.php\/wp-json\/wp\/v2\/product"}],"about":[{"href":"https:\/\/www.appoloviracel.com.uy\/index.php\/wp-json\/wp\/v2\/types\/product"}],"replies":[{"embeddable":true,"href":"https:\/\/www.appoloviracel.com.uy\/index.php\/wp-json\/wp\/v2\/comments?post=44365"}],"wp:featuredmedia":[{"embeddable":true,"href":"https:\/\/www.appoloviracel.com.uy\/index.php\/wp-json\/wp\/v2\/media\/44366"}],"wp:attachment":[{"href":"https:\/\/www.appoloviracel.com.uy\/index.php\/wp-json\/wp\/v2\/media?parent=44365"}],"curies":[{"name":"wp","href":"https:\/\/api.w.org\/{rel}","templated":true}]}}