{"id":44362,"date":"2025-11-18T13:33:24","date_gmt":"2025-11-18T16:33:24","guid":{"rendered":"https:\/\/www.appoloviracel.com.uy\/?post_type=product&#038;p=44362"},"modified":"2025-12-15T13:54:32","modified_gmt":"2025-12-15T16:54:32","slug":"power-bank-xiaomi-mi-cable-con-integrado-30-000ma-y-18w","status":"publish","type":"product","link":"https:\/\/www.appoloviracel.com.uy\/index.php\/product\/power-bank-xiaomi-mi-cable-con-integrado-30-000ma-y-18w\/","title":{"rendered":"Power Bank Xiaomi Mi con cable integrado, 30.000mA y 18w"},"content":{"rendered":"<h2>Caracter\u00edsticas y especificaciones:<\/h2>\n<ul>\n<li>Xiaomi 18W Power Bank 30.000 mAh con alta capacidad de carga, dise\u00f1o port\u00e1til, m\u00faltiples mecanismos de seguridad y carga de hasta 3 dispositivos en simult\u00e1neo, en color negro<\/li>\n<li>Capacidad de 30.000 mAh &#8211; Carga r\u00e1pida de 18W &#8211; 2 USB-A + 1 USB-C &#8211; Carga hasta 3 dispositivos a la vez &#8211; Modo de carga de baja corriente &#8211; M\u00faltiples m\u00e9todos de seguridad<\/li>\n<li>El nuevo power bank de Xiaomi tiene su punto m\u00e1s fuerte en su amplia capacidad. Si bien comparte similitudes con su versi\u00f3n anterior el Xiaomi Mi PowerBank 50W 20.000 mAh por ejemplo en la cantidad de puertos, como lo indica su nombre la misma cuenta con 20000 mAh, mientras que este nuevo modelo ampl\u00eda su capacidad a 30000 mAh para que con una sola carga completa puedas abastecer m\u00e1s de cinco veces tu smartphone.<\/li>\n<li>3 puertos de carga USB<\/li>\n<li>En cuanto a sus puertos, el Xiaomi 18W Power Bank 30.000 mAh dispone de dos USB-A y un USB-C por lo que tendr\u00e1s la posibilidad de cargar hasta tres dispositivos inteligentes en simult\u00e1neo. Es compatible con smartphones, tablet, port\u00e1tiles, c\u00e1maras de fotos, smartwatch y muchos m\u00e1s. Adem\u00e1s, su dise\u00f1o tambi\u00e9n se destaca por su textura antideslizante y resistente a ara\u00f1azos que permite un mejor agarre, fabricada en PC+ABS para aumentar su durabilidad.<\/li>\n<li>Carga r\u00e1pida de 18W<\/li>\n<li>Este power bank de Xiaomi es compatible con el protocolo de carga de 18W en sus tres puertos y posee 111 Wh por lo que puede cargar r\u00e1pidamente tus dispositivos. Incluso es compatible con cargas de baja potencia como las de smartbands, solo deber\u00e1s presionar dos veces el bot\u00f3n de comprobar bater\u00eda para activar el modo de baja potencia, una soluci\u00f3n r\u00e1pida y eficiente.<\/li>\n<li>M\u00e9todos de seguridad avanzados<\/li>\n<li>Por otro lado, el Xiaomi 18W Power Bank 30.000 mAh emplea componentes de alta precisi\u00f3n, con chips avanzados que no solo mejoran la seguridad sino tambi\u00e9n la tasa de conversi\u00f3n, estabilizan la tensi\u00f3n de descarga y ofrecen m\u00faltiples protecciones contra sobrecalentamientos, cortocircuitos, reinicios, sobrecargas y m\u00e1s.<\/li>\n<\/ul>\n<p>&nbsp;<\/p>\n<ul>\n<li>Especificaciones t\u00e9cnicas Xiaomi Power Bank 18W 30.000 mAh Negro:<\/li>\n<li>P\/N: PB3018ZM<\/li>\n<li>Marca: Xiaomi<\/li>\n<li>Modelo: 18W Power Bank 30.000 mAh<\/li>\n<li>Tipo de bater\u00eda: Litio-ion pol\u00edmero<\/li>\n<li>Potencia: 111 Wh 3.7V 30000 mAh<\/li>\n<li>Capacidad de uso: 18000 mAh (5V\/3.6A)<\/li>\n<li>Puerto de entrada: USB Tipo C<\/li>\n<li>Puertos de salida: 2 * USB Tipo A; 1 * USB Tipo C<\/li>\n<li>Voltaje de entrada: 5V\u23933A 9V\u23932.6A<\/li>\n<li>Voltaje de salida: 18W M\u00e1x<\/li>\n<li>Voltaje USB (1 puerto): 5V\u23932.4A 9V\u23932A 12V\u23931.5A<\/li>\n<li>Voltaje USB (2 puertos): 5V\u23933.6A<\/li>\n<li>Voltaje (USB Tipo C): 5V\u23933A 9V\u23932A 12V\u23931.5A<\/li>\n<li>Tiempo de carga: Cargador de 9V\/2A: 10 horas; Cargador PD 24W: 7.5 horas<\/li>\n<li>Color: Negro<\/li>\n<\/ul>\n<h5><\/h5>\n<h5><strong>*Las im\u00e1genes son a modo ilustrativo.<\/strong><\/h5>\n","protected":false},"excerpt":{"rendered":"<h3><span style=\"color: #339966;\"><strong>$ 2.490<\/strong><\/span><\/h3>\n","protected":false},"featured_media":44363,"comment_status":"open","ping_status":"closed","template":"","meta":[],"_links":{"self":[{"href":"https:\/\/www.appoloviracel.com.uy\/index.php\/wp-json\/wp\/v2\/product\/44362"}],"collection":[{"href":"https:\/\/www.appoloviracel.com.uy\/index.php\/wp-json\/wp\/v2\/product"}],"about":[{"href":"https:\/\/www.appoloviracel.com.uy\/index.php\/wp-json\/wp\/v2\/types\/product"}],"replies":[{"embeddable":true,"href":"https:\/\/www.appoloviracel.com.uy\/index.php\/wp-json\/wp\/v2\/comments?post=44362"}],"wp:featuredmedia":[{"embeddable":true,"href":"https:\/\/www.appoloviracel.com.uy\/index.php\/wp-json\/wp\/v2\/media\/44363"}],"wp:attachment":[{"href":"https:\/\/www.appoloviracel.com.uy\/index.php\/wp-json\/wp\/v2\/media?parent=44362"}],"curies":[{"name":"wp","href":"https:\/\/api.w.org\/{rel}","templated":true}]}}