{"id":4436,"date":"2021-03-09T23:12:40","date_gmt":"2021-03-10T02:12:40","guid":{"rendered":"https:\/\/www.appoloviracel.com.uy\/?post_type=product&#038;p=4436"},"modified":"2021-04-15T20:12:07","modified_gmt":"2021-04-15T23:12:07","slug":"pendrive-kingstone-16gb","status":"publish","type":"product","link":"https:\/\/www.appoloviracel.com.uy\/index.php\/product\/pendrive-kingstone-16gb\/","title":{"rendered":"Pendrive \u00abKingston\u00bb 16Gb"},"content":{"rendered":"<h4>Caracter\u00edsticas y especificaciones:<\/h4>\n<p>PENDRIVE KINGSTON 16Gb USB 2.0, 3.0, 3.1, DTG4, DTIG4\/16GB<\/p>\n<ul>\n<li>Respalde toda la informaci\u00f3n que sea de su importancia, con este amplio pendrive de 16GB.<br \/>\nEl pendrive USB DataTraveler de Kingston cumple con todas las especificaciones USB 2.0, 3.0 y 3.1<br \/>\nbeneficiando a las tecnolog\u00edas presentes de notebooks, ordenadores de escritorio y dispositivos digitales m\u00e1s recientes.<\/li>\n<li>R\u00e1pido y f\u00e1cil almacenamiento de transferencia de documentos, presentaciones, m\u00fasica, v\u00eddeos y mucho m\u00e1s.<\/li>\n<li>Los dispositivos DataTraveler de <strong>memoria Flash<\/strong> ofrecen almacenamiento y transferencia con la legendaria confiabilidad de Kingston.<\/li>\n<li>Es compatible con cualquier dispositivo que tenga salida USB, ya sea una televisi\u00f3n, computadora, notebook o parlantes.<\/li>\n<\/ul>\n<p>&nbsp;<\/p>\n<h5><strong>*Las im\u00e1genes son a modo ilustrativo.<\/strong><\/h5>\n","protected":false},"excerpt":{"rendered":"<h3><span style=\"color: #ff0000;\"><strong>*Consultar precio<\/strong><\/span><\/h3>\n<h5><strong>\u00abArt\u00edculo sujeto a stock\u00bb<\/strong><\/h5>\n<h3><span style=\"color: #339966;\"><strong>\u00a0<\/strong><\/span><\/h3>\n","protected":false},"featured_media":4437,"comment_status":"open","ping_status":"closed","template":"","meta":[],"_links":{"self":[{"href":"https:\/\/www.appoloviracel.com.uy\/index.php\/wp-json\/wp\/v2\/product\/4436"}],"collection":[{"href":"https:\/\/www.appoloviracel.com.uy\/index.php\/wp-json\/wp\/v2\/product"}],"about":[{"href":"https:\/\/www.appoloviracel.com.uy\/index.php\/wp-json\/wp\/v2\/types\/product"}],"replies":[{"embeddable":true,"href":"https:\/\/www.appoloviracel.com.uy\/index.php\/wp-json\/wp\/v2\/comments?post=4436"}],"wp:featuredmedia":[{"embeddable":true,"href":"https:\/\/www.appoloviracel.com.uy\/index.php\/wp-json\/wp\/v2\/media\/4437"}],"wp:attachment":[{"href":"https:\/\/www.appoloviracel.com.uy\/index.php\/wp-json\/wp\/v2\/media?parent=4436"}],"curies":[{"name":"wp","href":"https:\/\/api.w.org\/{rel}","templated":true}]}}